{"id":671,"date":"2025-11-27T23:00:24","date_gmt":"2025-11-27T22:00:24","guid":{"rendered":"https:\/\/lalka.boutique\/index.php\/product\/creme-de-soin\/"},"modified":"2025-11-27T23:00:24","modified_gmt":"2025-11-27T22:00:24","slug":"creme-de-soin","status":"publish","type":"product","link":"https:\/\/lalka.boutique\/index.php\/product\/creme-de-soin\/","title":{"rendered":"Creme De Soin"},"content":{"rendered":"","protected":false},"excerpt":{"rendered":"<p>Produkt o potr\u00f3jnym dzia\u0142aniu dedykowany dla os\u00f3b z suchymi i zniszczonymi w\u0142osami. U\u0142atwia ich rozczesywanie, wyg\u0142adza zamykaj\u0105c \u0142uski w\u0142os\u00f3w oraz chroni przed szkodliwym dzia\u0142aniem czynnik\u00f3w zewn\u0119trznych. Przywraca w\u0142osom blask, witalno\u015b\u0107 i mi\u0119kko\u015b\u0107.<\/p>\n","protected":false},"featured_media":670,"template":"","meta":[],"product_brand":[],"product_cat":[15],"product_tag":[],"class_list":{"0":"post-671","1":"product","2":"type-product","3":"status-publish","4":"has-post-thumbnail","6":"product_cat-uncategorized","8":"first","9":"instock","10":"shipping-taxable","11":"purchasable","12":"product-type-simple"},"_links":{"self":[{"href":"https:\/\/lalka.boutique\/index.php\/wp-json\/wp\/v2\/product\/671","targetHints":{"allow":["GET"]}}],"collection":[{"href":"https:\/\/lalka.boutique\/index.php\/wp-json\/wp\/v2\/product"}],"about":[{"href":"https:\/\/lalka.boutique\/index.php\/wp-json\/wp\/v2\/types\/product"}],"wp:featuredmedia":[{"embeddable":true,"href":"https:\/\/lalka.boutique\/index.php\/wp-json\/wp\/v2\/media\/670"}],"wp:attachment":[{"href":"https:\/\/lalka.boutique\/index.php\/wp-json\/wp\/v2\/media?parent=671"}],"wp:term":[{"taxonomy":"product_brand","embeddable":true,"href":"https:\/\/lalka.boutique\/index.php\/wp-json\/wp\/v2\/product_brand?post=671"},{"taxonomy":"product_cat","embeddable":true,"href":"https:\/\/lalka.boutique\/index.php\/wp-json\/wp\/v2\/product_cat?post=671"},{"taxonomy":"product_tag","embeddable":true,"href":"https:\/\/lalka.boutique\/index.php\/wp-json\/wp\/v2\/product_tag?post=671"}],"curies":[{"name":"wp","href":"https:\/\/api.w.org\/{rel}","templated":true}]}}