{"id":673,"date":"2025-11-27T23:00:25","date_gmt":"2025-11-27T22:00:25","guid":{"rendered":"https:\/\/lalka.boutique\/index.php\/product\/biokiss\/"},"modified":"2025-11-27T23:00:25","modified_gmt":"2025-11-27T22:00:25","slug":"biokiss","status":"publish","type":"product","link":"https:\/\/lalka.boutique\/index.php\/product\/biokiss\/","title":{"rendered":"Biokiss"},"content":{"rendered":"","protected":false},"excerpt":{"rendered":"<p>Biokiss to wyj\u0105tkowy balsam regeneruj\u0105cy, kt\u00f3ry od\u017cywia i wyg\u0142adza suche i spierzchni\u0119te usta. Jego w\u0142a\u015bciwo\u015bci przeciwutleniaj\u0105ce i koj\u0105ce chroni\u0105 przed szkodliwym wp\u0142ywem czynnik\u00f3w zewn\u0119trznych, dzi\u0119ki czemu zapewnia poczucie komfortu i mi\u0119kko\u015bci.<\/p>\n","protected":false},"featured_media":672,"template":"","meta":[],"product_brand":[],"product_cat":[15],"product_tag":[],"class_list":{"0":"post-673","1":"product","2":"type-product","3":"status-publish","4":"has-post-thumbnail","6":"product_cat-uncategorized","8":"first","9":"instock","10":"shipping-taxable","11":"purchasable","12":"product-type-simple"},"_links":{"self":[{"href":"https:\/\/lalka.boutique\/index.php\/wp-json\/wp\/v2\/product\/673","targetHints":{"allow":["GET"]}}],"collection":[{"href":"https:\/\/lalka.boutique\/index.php\/wp-json\/wp\/v2\/product"}],"about":[{"href":"https:\/\/lalka.boutique\/index.php\/wp-json\/wp\/v2\/types\/product"}],"wp:featuredmedia":[{"embeddable":true,"href":"https:\/\/lalka.boutique\/index.php\/wp-json\/wp\/v2\/media\/672"}],"wp:attachment":[{"href":"https:\/\/lalka.boutique\/index.php\/wp-json\/wp\/v2\/media?parent=673"}],"wp:term":[{"taxonomy":"product_brand","embeddable":true,"href":"https:\/\/lalka.boutique\/index.php\/wp-json\/wp\/v2\/product_brand?post=673"},{"taxonomy":"product_cat","embeddable":true,"href":"https:\/\/lalka.boutique\/index.php\/wp-json\/wp\/v2\/product_cat?post=673"},{"taxonomy":"product_tag","embeddable":true,"href":"https:\/\/lalka.boutique\/index.php\/wp-json\/wp\/v2\/product_tag?post=673"}],"curies":[{"name":"wp","href":"https:\/\/api.w.org\/{rel}","templated":true}]}}