{"id":675,"date":"2025-11-27T23:00:25","date_gmt":"2025-11-27T22:00:25","guid":{"rendered":"https:\/\/lalka.boutique\/index.php\/product\/biomagic-mask\/"},"modified":"2025-11-27T23:00:26","modified_gmt":"2025-11-27T22:00:26","slug":"biomagic-mask","status":"publish","type":"product","link":"https:\/\/lalka.boutique\/index.php\/product\/biomagic-mask\/","title":{"rendered":"Biomagic Mask"},"content":{"rendered":"","protected":false},"excerpt":{"rendered":"<p>Biomagic Mask to maska o dzia\u0142aniu matuj\u0105cym, kt\u00f3ra pomaga oczy\u015bci\u0107 sk\u00f3r\u0119 poprzez redukcj\u0119 niedoskona\u0142o\u015bci. Chroni j\u0105 przed stresem oksydacyjnym. Widocznie zw\u0119\u017ca pory i przywraca cerze blask.<\/p>\n","protected":false},"featured_media":674,"template":"","meta":[],"product_brand":[],"product_cat":[15],"product_tag":[],"class_list":{"0":"post-675","1":"product","2":"type-product","3":"status-publish","4":"has-post-thumbnail","6":"product_cat-uncategorized","8":"first","9":"instock","10":"shipping-taxable","11":"purchasable","12":"product-type-simple"},"_links":{"self":[{"href":"https:\/\/lalka.boutique\/index.php\/wp-json\/wp\/v2\/product\/675","targetHints":{"allow":["GET"]}}],"collection":[{"href":"https:\/\/lalka.boutique\/index.php\/wp-json\/wp\/v2\/product"}],"about":[{"href":"https:\/\/lalka.boutique\/index.php\/wp-json\/wp\/v2\/types\/product"}],"wp:featuredmedia":[{"embeddable":true,"href":"https:\/\/lalka.boutique\/index.php\/wp-json\/wp\/v2\/media\/674"}],"wp:attachment":[{"href":"https:\/\/lalka.boutique\/index.php\/wp-json\/wp\/v2\/media?parent=675"}],"wp:term":[{"taxonomy":"product_brand","embeddable":true,"href":"https:\/\/lalka.boutique\/index.php\/wp-json\/wp\/v2\/product_brand?post=675"},{"taxonomy":"product_cat","embeddable":true,"href":"https:\/\/lalka.boutique\/index.php\/wp-json\/wp\/v2\/product_cat?post=675"},{"taxonomy":"product_tag","embeddable":true,"href":"https:\/\/lalka.boutique\/index.php\/wp-json\/wp\/v2\/product_tag?post=675"}],"curies":[{"name":"wp","href":"https:\/\/api.w.org\/{rel}","templated":true}]}}