{"id":677,"date":"2025-11-27T23:00:26","date_gmt":"2025-11-27T22:00:26","guid":{"rendered":"https:\/\/lalka.boutique\/index.php\/product\/collagene-originel\/"},"modified":"2025-11-27T23:00:26","modified_gmt":"2025-11-27T22:00:26","slug":"collagene-originel","status":"publish","type":"product","link":"https:\/\/lalka.boutique\/index.php\/product\/collagene-originel\/","title":{"rendered":"Collagene Originel"},"content":{"rendered":"","protected":false},"excerpt":{"rendered":"<p>Collag\u00e8ne Originel to innowacyjny produkt, kt\u00f3ry dzia\u0142a na cztery g\u0142\u00f3wne typy kolagenu, aby zag\u0119\u015bci\u0107 sk\u00f3r\u0119 w trzech wymiarach. Unikalne po\u0142\u0105czenie czterech sk\u0142adnik\u00f3w aktywnych stymuluje syntez\u0119 najobficiej wyst\u0119puj\u0105cych w sk\u00f3rze typ\u00f3w kolagenu &#8211; I i III, oraz typu IV i VII, wzmacniaj\u0105c po\u0142\u0105czenie sk\u00f3rno-nask\u00f3rkowe (DEJ). Celem jest restrukturyzacja i poprawa funkcji DEJ jako platformy zakotwiczenia kom\u00f3rek. W ten spos\u00f3b widocznie zmniejsza d\u0142ugo\u015b\u0107 zmarszczek. Marka Biologique Recherche opracowa\u0142a unikalny, opatentowany sk\u0142adnik aktywny o nazwie Kolagen Typu 0. Stymuluje on produkcj\u0119 kolagenu VII na poziomie gen\u00f3w i bia\u0142ek, wspieraj\u0105c interakcje mi\u0119dzy nask\u00f3rkiem a sk\u00f3r\u0105 w\u0142a\u015bciw\u0105, kt\u00f3re spowalniaj\u0105 wraz z wiekiem. Jako &#8222;typ 0&#8221;, jest on pierwotn\u0105 form\u0105 kolagenu i wykazuje szczeg\u00f3lne powinowactwo do jego r\u00f3\u017cnych typ\u00f3w.<\/p>\n","protected":false},"featured_media":676,"template":"","meta":[],"product_brand":[],"product_cat":[15],"product_tag":[],"class_list":{"0":"post-677","1":"product","2":"type-product","3":"status-publish","4":"has-post-thumbnail","6":"product_cat-uncategorized","8":"first","9":"instock","10":"shipping-taxable","11":"purchasable","12":"product-type-simple"},"_links":{"self":[{"href":"https:\/\/lalka.boutique\/index.php\/wp-json\/wp\/v2\/product\/677","targetHints":{"allow":["GET"]}}],"collection":[{"href":"https:\/\/lalka.boutique\/index.php\/wp-json\/wp\/v2\/product"}],"about":[{"href":"https:\/\/lalka.boutique\/index.php\/wp-json\/wp\/v2\/types\/product"}],"wp:featuredmedia":[{"embeddable":true,"href":"https:\/\/lalka.boutique\/index.php\/wp-json\/wp\/v2\/media\/676"}],"wp:attachment":[{"href":"https:\/\/lalka.boutique\/index.php\/wp-json\/wp\/v2\/media?parent=677"}],"wp:term":[{"taxonomy":"product_brand","embeddable":true,"href":"https:\/\/lalka.boutique\/index.php\/wp-json\/wp\/v2\/product_brand?post=677"},{"taxonomy":"product_cat","embeddable":true,"href":"https:\/\/lalka.boutique\/index.php\/wp-json\/wp\/v2\/product_cat?post=677"},{"taxonomy":"product_tag","embeddable":true,"href":"https:\/\/lalka.boutique\/index.php\/wp-json\/wp\/v2\/product_tag?post=677"}],"curies":[{"name":"wp","href":"https:\/\/api.w.org\/{rel}","templated":true}]}}