{"id":683,"date":"2025-11-27T23:00:30","date_gmt":"2025-11-27T22:00:30","guid":{"rendered":"https:\/\/lalka.boutique\/index.php\/product\/complexe-iribiol\/"},"modified":"2025-11-27T23:00:30","modified_gmt":"2025-11-27T22:00:30","slug":"complexe-iribiol","status":"publish","type":"product","link":"https:\/\/lalka.boutique\/index.php\/product\/complexe-iribiol\/","title":{"rendered":"Complexe Iribiol"},"content":{"rendered":"","protected":false},"excerpt":{"rendered":"<p>Serum Complexe Iribiol reguluje wydzielanie sebum, przyczyniaj\u0105c si\u0119 do radykalnej poprawy wygl\u0105du cery, intensyfikuje proces oczyszczania sk\u00f3ry, redukuje liczb\u0119 niedoskona\u0142o\u015bci oraz przyspiesza gojenie istniej\u0105cych zmian tr\u0105dzikowych.<\/p>\n","protected":false},"featured_media":682,"template":"","meta":[],"product_brand":[],"product_cat":[15],"product_tag":[],"class_list":{"0":"post-683","1":"product","2":"type-product","3":"status-publish","4":"has-post-thumbnail","6":"product_cat-uncategorized","8":"first","9":"instock","10":"shipping-taxable","11":"purchasable","12":"product-type-simple"},"_links":{"self":[{"href":"https:\/\/lalka.boutique\/index.php\/wp-json\/wp\/v2\/product\/683","targetHints":{"allow":["GET"]}}],"collection":[{"href":"https:\/\/lalka.boutique\/index.php\/wp-json\/wp\/v2\/product"}],"about":[{"href":"https:\/\/lalka.boutique\/index.php\/wp-json\/wp\/v2\/types\/product"}],"wp:featuredmedia":[{"embeddable":true,"href":"https:\/\/lalka.boutique\/index.php\/wp-json\/wp\/v2\/media\/682"}],"wp:attachment":[{"href":"https:\/\/lalka.boutique\/index.php\/wp-json\/wp\/v2\/media?parent=683"}],"wp:term":[{"taxonomy":"product_brand","embeddable":true,"href":"https:\/\/lalka.boutique\/index.php\/wp-json\/wp\/v2\/product_brand?post=683"},{"taxonomy":"product_cat","embeddable":true,"href":"https:\/\/lalka.boutique\/index.php\/wp-json\/wp\/v2\/product_cat?post=683"},{"taxonomy":"product_tag","embeddable":true,"href":"https:\/\/lalka.boutique\/index.php\/wp-json\/wp\/v2\/product_tag?post=683"}],"curies":[{"name":"wp","href":"https:\/\/api.w.org\/{rel}","templated":true}]}}