{"id":685,"date":"2025-11-27T23:00:30","date_gmt":"2025-11-27T22:00:30","guid":{"rendered":"https:\/\/lalka.boutique\/index.php\/product\/complexe-royal\/"},"modified":"2025-11-27T23:00:31","modified_gmt":"2025-11-27T22:00:31","slug":"complexe-royal","status":"publish","type":"product","link":"https:\/\/lalka.boutique\/index.php\/product\/complexe-royal\/","title":{"rendered":"Complexe Royal"},"content":{"rendered":"","protected":false},"excerpt":{"rendered":"<p>Complexe Royal zawiera wysokie st\u0119\u017cenie mleczka pszczelego o silnym dzia\u0142aniu od\u017cywczym, kt\u00f3re pomaga w regeneracji i odbudowie bariery ochronnej sk\u00f3ry oraz przywraca komfort. Bogaty tak\u017ce w antyoksydanty zapewnia ochron\u0119 przed wolnymi rodnikami. Produkt wzmacnia i roz\u015bwietla cer\u0119.<\/p>\n","protected":false},"featured_media":684,"template":"","meta":[],"product_brand":[],"product_cat":[15],"product_tag":[],"class_list":{"0":"post-685","1":"product","2":"type-product","3":"status-publish","4":"has-post-thumbnail","6":"product_cat-uncategorized","8":"first","9":"instock","10":"shipping-taxable","11":"purchasable","12":"product-type-simple"},"_links":{"self":[{"href":"https:\/\/lalka.boutique\/index.php\/wp-json\/wp\/v2\/product\/685","targetHints":{"allow":["GET"]}}],"collection":[{"href":"https:\/\/lalka.boutique\/index.php\/wp-json\/wp\/v2\/product"}],"about":[{"href":"https:\/\/lalka.boutique\/index.php\/wp-json\/wp\/v2\/types\/product"}],"wp:featuredmedia":[{"embeddable":true,"href":"https:\/\/lalka.boutique\/index.php\/wp-json\/wp\/v2\/media\/684"}],"wp:attachment":[{"href":"https:\/\/lalka.boutique\/index.php\/wp-json\/wp\/v2\/media?parent=685"}],"wp:term":[{"taxonomy":"product_brand","embeddable":true,"href":"https:\/\/lalka.boutique\/index.php\/wp-json\/wp\/v2\/product_brand?post=685"},{"taxonomy":"product_cat","embeddable":true,"href":"https:\/\/lalka.boutique\/index.php\/wp-json\/wp\/v2\/product_cat?post=685"},{"taxonomy":"product_tag","embeddable":true,"href":"https:\/\/lalka.boutique\/index.php\/wp-json\/wp\/v2\/product_tag?post=685"}],"curies":[{"name":"wp","href":"https:\/\/api.w.org\/{rel}","templated":true}]}}