{"id":689,"date":"2025-11-27T23:00:31","date_gmt":"2025-11-27T22:00:31","guid":{"rendered":"https:\/\/lalka.boutique\/index.php\/product\/creme-aux-acides-de-fruits\/"},"modified":"2025-11-27T23:00:31","modified_gmt":"2025-11-27T22:00:31","slug":"creme-aux-acides-de-fruits","status":"publish","type":"product","link":"https:\/\/lalka.boutique\/index.php\/product\/creme-aux-acides-de-fruits\/","title":{"rendered":"Creme Aux Acides De Fruits"},"content":{"rendered":"","protected":false},"excerpt":{"rendered":"<p>Prawdziwie udoskonalaj\u0105cy produkt, Cr\u00e8me aux Acides de Fruits, zawiera wszystkie niezb\u0119dne sk\u0142adniki, aby delikatnie z\u0142uszczy\u0107, wyg\u0142adzi\u0107 i poprawi\u0107 tekstur\u0119 sk\u00f3ry. Dzi\u0119ki zawarto\u015bci kwas\u00f3w AHA, BHA i PHA widocznie poprawia koloryt cery, nadaj\u0105c jej blask. Wykazuje tak\u017ce dzia\u0142anie oczyszczaj\u0105ce, dok\u0142adnie neutralizuje i usuwa zanieczyszczenia z powierzchni nask\u00f3rka.<\/p>\n","protected":false},"featured_media":688,"template":"","meta":[],"product_brand":[],"product_cat":[15],"product_tag":[],"class_list":{"0":"post-689","1":"product","2":"type-product","3":"status-publish","4":"has-post-thumbnail","6":"product_cat-uncategorized","8":"first","9":"instock","10":"shipping-taxable","11":"purchasable","12":"product-type-simple"},"_links":{"self":[{"href":"https:\/\/lalka.boutique\/index.php\/wp-json\/wp\/v2\/product\/689","targetHints":{"allow":["GET"]}}],"collection":[{"href":"https:\/\/lalka.boutique\/index.php\/wp-json\/wp\/v2\/product"}],"about":[{"href":"https:\/\/lalka.boutique\/index.php\/wp-json\/wp\/v2\/types\/product"}],"wp:featuredmedia":[{"embeddable":true,"href":"https:\/\/lalka.boutique\/index.php\/wp-json\/wp\/v2\/media\/688"}],"wp:attachment":[{"href":"https:\/\/lalka.boutique\/index.php\/wp-json\/wp\/v2\/media?parent=689"}],"wp:term":[{"taxonomy":"product_brand","embeddable":true,"href":"https:\/\/lalka.boutique\/index.php\/wp-json\/wp\/v2\/product_brand?post=689"},{"taxonomy":"product_cat","embeddable":true,"href":"https:\/\/lalka.boutique\/index.php\/wp-json\/wp\/v2\/product_cat?post=689"},{"taxonomy":"product_tag","embeddable":true,"href":"https:\/\/lalka.boutique\/index.php\/wp-json\/wp\/v2\/product_tag?post=689"}],"curies":[{"name":"wp","href":"https:\/\/api.w.org\/{rel}","templated":true}]}}