{"id":691,"date":"2025-11-27T23:00:32","date_gmt":"2025-11-27T22:00:32","guid":{"rendered":"https:\/\/lalka.boutique\/index.php\/product\/creme-biofixine\/"},"modified":"2025-11-27T23:00:32","modified_gmt":"2025-11-27T22:00:32","slug":"creme-biofixine","status":"publish","type":"product","link":"https:\/\/lalka.boutique\/index.php\/product\/creme-biofixine\/","title":{"rendered":"Creme Biofixine"},"content":{"rendered":"","protected":false},"excerpt":{"rendered":"<p>Creme Biofixine nale\u017cy do najnowszej generacji krem\u00f3w przeciwdzia\u0142aj\u0105cych starzeniu si\u0119. Jest on wzbogacony w peptyd rozlu\u017aniaj\u0105cy mi\u0119\u015bnie, kt\u00f3rych mikroskurcze powoduj\u0105 powstawanie zmarszczek i drobnych zmarszczek mimicznych.<\/p>\n","protected":false},"featured_media":690,"template":"","meta":[],"product_brand":[],"product_cat":[15],"product_tag":[],"class_list":{"0":"post-691","1":"product","2":"type-product","3":"status-publish","4":"has-post-thumbnail","6":"product_cat-uncategorized","8":"first","9":"instock","10":"shipping-taxable","11":"purchasable","12":"product-type-simple"},"_links":{"self":[{"href":"https:\/\/lalka.boutique\/index.php\/wp-json\/wp\/v2\/product\/691","targetHints":{"allow":["GET"]}}],"collection":[{"href":"https:\/\/lalka.boutique\/index.php\/wp-json\/wp\/v2\/product"}],"about":[{"href":"https:\/\/lalka.boutique\/index.php\/wp-json\/wp\/v2\/types\/product"}],"wp:featuredmedia":[{"embeddable":true,"href":"https:\/\/lalka.boutique\/index.php\/wp-json\/wp\/v2\/media\/690"}],"wp:attachment":[{"href":"https:\/\/lalka.boutique\/index.php\/wp-json\/wp\/v2\/media?parent=691"}],"wp:term":[{"taxonomy":"product_brand","embeddable":true,"href":"https:\/\/lalka.boutique\/index.php\/wp-json\/wp\/v2\/product_brand?post=691"},{"taxonomy":"product_cat","embeddable":true,"href":"https:\/\/lalka.boutique\/index.php\/wp-json\/wp\/v2\/product_cat?post=691"},{"taxonomy":"product_tag","embeddable":true,"href":"https:\/\/lalka.boutique\/index.php\/wp-json\/wp\/v2\/product_tag?post=691"}],"curies":[{"name":"wp","href":"https:\/\/api.w.org\/{rel}","templated":true}]}}