{"id":693,"date":"2025-11-27T23:00:32","date_gmt":"2025-11-27T22:00:32","guid":{"rendered":"https:\/\/lalka.boutique\/index.php\/product\/creme-b-stria\/"},"modified":"2025-11-27T23:00:33","modified_gmt":"2025-11-27T22:00:33","slug":"creme-b-stria","status":"publish","type":"product","link":"https:\/\/lalka.boutique\/index.php\/product\/creme-b-stria\/","title":{"rendered":"Creme B-stria"},"content":{"rendered":"","protected":false},"excerpt":{"rendered":"<p>Cr\u00e8me B-Stria to produkt do piel\u0119gnacji sk\u00f3ry cia\u0142a, kt\u00f3ry zmniejsza widoczno\u015b\u0107 bia\u0142ych rozst\u0119p\u00f3w. Po\u0142\u0105czenie sk\u0142adnik\u00f3w napinaj\u0105cych i wzmacniaj\u0105cych przyspiesza odnow\u0119 kom\u00f3rkow\u0105, stymuluje syntez\u0119 w\u0142\u00f3kien sk\u00f3rnych. Pozostawia sk\u00f3r\u0119 wyg\u0142adzon\u0105 i uj\u0119drnion\u0105.<\/p>\n","protected":false},"featured_media":692,"template":"","meta":[],"product_brand":[],"product_cat":[15],"product_tag":[],"class_list":{"0":"post-693","1":"product","2":"type-product","3":"status-publish","4":"has-post-thumbnail","6":"product_cat-uncategorized","8":"first","9":"instock","10":"shipping-taxable","11":"purchasable","12":"product-type-simple"},"_links":{"self":[{"href":"https:\/\/lalka.boutique\/index.php\/wp-json\/wp\/v2\/product\/693","targetHints":{"allow":["GET"]}}],"collection":[{"href":"https:\/\/lalka.boutique\/index.php\/wp-json\/wp\/v2\/product"}],"about":[{"href":"https:\/\/lalka.boutique\/index.php\/wp-json\/wp\/v2\/types\/product"}],"wp:featuredmedia":[{"embeddable":true,"href":"https:\/\/lalka.boutique\/index.php\/wp-json\/wp\/v2\/media\/692"}],"wp:attachment":[{"href":"https:\/\/lalka.boutique\/index.php\/wp-json\/wp\/v2\/media?parent=693"}],"wp:term":[{"taxonomy":"product_brand","embeddable":true,"href":"https:\/\/lalka.boutique\/index.php\/wp-json\/wp\/v2\/product_brand?post=693"},{"taxonomy":"product_cat","embeddable":true,"href":"https:\/\/lalka.boutique\/index.php\/wp-json\/wp\/v2\/product_cat?post=693"},{"taxonomy":"product_tag","embeddable":true,"href":"https:\/\/lalka.boutique\/index.php\/wp-json\/wp\/v2\/product_tag?post=693"}],"curies":[{"name":"wp","href":"https:\/\/api.w.org\/{rel}","templated":true}]}}