{"id":695,"date":"2025-11-27T23:00:33","date_gmt":"2025-11-27T22:00:33","guid":{"rendered":"https:\/\/lalka.boutique\/index.php\/product\/creme-collagene\/"},"modified":"2025-11-28T00:02:07","modified_gmt":"2025-11-27T23:02:07","slug":"creme-collagene","status":"publish","type":"product","link":"https:\/\/lalka.boutique\/index.php\/product\/creme-collagene\/","title":{"rendered":"Creme Collagene"},"content":{"rendered":"","protected":false},"excerpt":{"rendered":"<p>Cr\u00e8me Collag\u00e8ne to regeneruj\u0105cy i nawil\u017caj\u0105cy produkt, kt\u00f3ry stymuluje syntez\u0119 kolagenu w celu zag\u0119szczenia sk\u00f3ry w\u0142a\u015bciwej. Wykazuje dzia\u0142anie uj\u0119drniaj\u0105ce, napinaj\u0105ce i restrukturyzuj\u0105ce g\u0142\u0119bokie warstwy sk\u00f3ry. W wyniku wielokierunkowego dzia\u0142ania pomaga poprawi\u0107 napi\u0119cie tkanek, nadaj\u0105c sk\u00f3rze g\u0142adko\u015b\u0107. Jego lekka konsystencja odpowiednia jest r\u00f3wnie\u017cdo sk\u00f3ry ze sk\u0142onno\u015bci\u0105 do \u0142ojotoku.<\/p>\n","protected":false},"featured_media":694,"template":"","meta":[],"product_brand":[],"product_cat":[15],"product_tag":[],"class_list":{"0":"post-695","1":"product","2":"type-product","3":"status-publish","4":"has-post-thumbnail","6":"product_cat-uncategorized","8":"first","9":"instock","10":"shipping-taxable","11":"purchasable","12":"product-type-simple"},"_links":{"self":[{"href":"https:\/\/lalka.boutique\/index.php\/wp-json\/wp\/v2\/product\/695","targetHints":{"allow":["GET"]}}],"collection":[{"href":"https:\/\/lalka.boutique\/index.php\/wp-json\/wp\/v2\/product"}],"about":[{"href":"https:\/\/lalka.boutique\/index.php\/wp-json\/wp\/v2\/types\/product"}],"wp:featuredmedia":[{"embeddable":true,"href":"https:\/\/lalka.boutique\/index.php\/wp-json\/wp\/v2\/media\/694"}],"wp:attachment":[{"href":"https:\/\/lalka.boutique\/index.php\/wp-json\/wp\/v2\/media?parent=695"}],"wp:term":[{"taxonomy":"product_brand","embeddable":true,"href":"https:\/\/lalka.boutique\/index.php\/wp-json\/wp\/v2\/product_brand?post=695"},{"taxonomy":"product_cat","embeddable":true,"href":"https:\/\/lalka.boutique\/index.php\/wp-json\/wp\/v2\/product_cat?post=695"},{"taxonomy":"product_tag","embeddable":true,"href":"https:\/\/lalka.boutique\/index.php\/wp-json\/wp\/v2\/product_tag?post=695"}],"curies":[{"name":"wp","href":"https:\/\/api.w.org\/{rel}","templated":true}]}}