{"id":697,"date":"2025-11-27T23:00:34","date_gmt":"2025-11-27T22:00:34","guid":{"rendered":"https:\/\/lalka.boutique\/index.php\/product\/creme-contour-des-yeux-biosensible\/"},"modified":"2025-11-27T23:00:34","modified_gmt":"2025-11-27T22:00:34","slug":"creme-contour-des-yeux-biosensible","status":"publish","type":"product","link":"https:\/\/lalka.boutique\/index.php\/product\/creme-contour-des-yeux-biosensible\/","title":{"rendered":"Creme Contour Des Yeux Biosensible"},"content":{"rendered":"","protected":false},"excerpt":{"rendered":"<p>Cr\u00e8me Contour des Yeux Biosensible dedykowany jest wra\u017cliwej, nadwra\u017cliwej i reaktywnej oraz suchej sk\u00f3rze wok\u00f3\u0142 oczu. Jego lekka, delikatna konsystencja pozwala na szybkie wch\u0142oni\u0119cie bez pozostawienia t\u0142ustej warstwy. \u0141agodzi, hamuje reakcje zapalne oraz chroni przed wp\u0142ywem czynnik\u00f3w zewn\u0119trznych. Potwierdzono pod wzgl\u0119dem okulistycznym i dermatologicznym, \u017ce aplikacja produktu na bardzo wra\u017cliwe obszary wok\u00f3\u0142 oczu jest bezpieczna oraz natychmiast \u0142agodzi sucho\u015b\u0107 sk\u00f3ry i jednocze\u015bnie redukuje obrz\u0119ki i zmniejsza widoczno\u015b\u0107 cieni.<\/p>\n","protected":false},"featured_media":696,"template":"","meta":[],"product_brand":[],"product_cat":[15],"product_tag":[],"class_list":{"0":"post-697","1":"product","2":"type-product","3":"status-publish","4":"has-post-thumbnail","6":"product_cat-uncategorized","8":"first","9":"instock","10":"shipping-taxable","11":"purchasable","12":"product-type-simple"},"_links":{"self":[{"href":"https:\/\/lalka.boutique\/index.php\/wp-json\/wp\/v2\/product\/697","targetHints":{"allow":["GET"]}}],"collection":[{"href":"https:\/\/lalka.boutique\/index.php\/wp-json\/wp\/v2\/product"}],"about":[{"href":"https:\/\/lalka.boutique\/index.php\/wp-json\/wp\/v2\/types\/product"}],"wp:featuredmedia":[{"embeddable":true,"href":"https:\/\/lalka.boutique\/index.php\/wp-json\/wp\/v2\/media\/696"}],"wp:attachment":[{"href":"https:\/\/lalka.boutique\/index.php\/wp-json\/wp\/v2\/media?parent=697"}],"wp:term":[{"taxonomy":"product_brand","embeddable":true,"href":"https:\/\/lalka.boutique\/index.php\/wp-json\/wp\/v2\/product_brand?post=697"},{"taxonomy":"product_cat","embeddable":true,"href":"https:\/\/lalka.boutique\/index.php\/wp-json\/wp\/v2\/product_cat?post=697"},{"taxonomy":"product_tag","embeddable":true,"href":"https:\/\/lalka.boutique\/index.php\/wp-json\/wp\/v2\/product_tag?post=697"}],"curies":[{"name":"wp","href":"https:\/\/api.w.org\/{rel}","templated":true}]}}