{"id":699,"date":"2025-11-27T23:00:37","date_gmt":"2025-11-27T22:00:37","guid":{"rendered":"https:\/\/lalka.boutique\/index.php\/product\/creme-contour-des-yeux-vip-o2\/"},"modified":"2025-11-27T23:00:37","modified_gmt":"2025-11-27T22:00:37","slug":"creme-contour-des-yeux-vip-o2","status":"publish","type":"product","link":"https:\/\/lalka.boutique\/index.php\/product\/creme-contour-des-yeux-vip-o2\/","title":{"rendered":"Creme Contour Des Yeux Vip O2"},"content":{"rendered":"","protected":false},"excerpt":{"rendered":"<p>Zawiera s\u0142ynny Kompleks Dotleniaj\u0105cy Biologique Recherche, kt\u00f3ry rozja\u015bnia i roz\u015bwietla sk\u00f3r\u0119 wok\u00f3\u0142 oczu, widocznie zmniejsza opuchni\u0119cia i cienie. Neutralizuje zanieczyszczenia i zapobiega ich przedostawaniu si\u0119 w g\u0142\u0105b sk\u00f3ry. Wzbogacony o sk\u0142adniki anti-aging, dzia\u0142a nawil\u017caj\u0105co oraz przeciwzmarszczkowo. Sk\u00f3ra wok\u00f3\u0142 oczu wygl\u0105da na wypocz\u0119t\u0105 i promienn\u0105.<\/p>\n","protected":false},"featured_media":698,"template":"","meta":[],"product_brand":[],"product_cat":[15],"product_tag":[],"class_list":{"0":"post-699","1":"product","2":"type-product","3":"status-publish","4":"has-post-thumbnail","6":"product_cat-uncategorized","8":"first","9":"instock","10":"shipping-taxable","11":"purchasable","12":"product-type-simple"},"_links":{"self":[{"href":"https:\/\/lalka.boutique\/index.php\/wp-json\/wp\/v2\/product\/699","targetHints":{"allow":["GET"]}}],"collection":[{"href":"https:\/\/lalka.boutique\/index.php\/wp-json\/wp\/v2\/product"}],"about":[{"href":"https:\/\/lalka.boutique\/index.php\/wp-json\/wp\/v2\/types\/product"}],"wp:featuredmedia":[{"embeddable":true,"href":"https:\/\/lalka.boutique\/index.php\/wp-json\/wp\/v2\/media\/698"}],"wp:attachment":[{"href":"https:\/\/lalka.boutique\/index.php\/wp-json\/wp\/v2\/media?parent=699"}],"wp:term":[{"taxonomy":"product_brand","embeddable":true,"href":"https:\/\/lalka.boutique\/index.php\/wp-json\/wp\/v2\/product_brand?post=699"},{"taxonomy":"product_cat","embeddable":true,"href":"https:\/\/lalka.boutique\/index.php\/wp-json\/wp\/v2\/product_cat?post=699"},{"taxonomy":"product_tag","embeddable":true,"href":"https:\/\/lalka.boutique\/index.php\/wp-json\/wp\/v2\/product_tag?post=699"}],"curies":[{"name":"wp","href":"https:\/\/api.w.org\/{rel}","templated":true}]}}