{"id":703,"date":"2025-11-27T23:00:38","date_gmt":"2025-11-27T22:00:38","guid":{"rendered":"https:\/\/lalka.boutique\/index.php\/product\/creme-defatigante\/"},"modified":"2025-11-27T23:00:38","modified_gmt":"2025-11-27T22:00:38","slug":"creme-defatigante","status":"publish","type":"product","link":"https:\/\/lalka.boutique\/index.php\/product\/creme-defatigante\/","title":{"rendered":"Creme Defatigante"},"content":{"rendered":"","protected":false},"excerpt":{"rendered":"<p>Creme Defatigante poprawia cyrkulacj\u0119 krwi. Obkurcza naczynia krwiono\u015bne, usprawnia kr\u0105\u017cenie oraz zapobiega rozszerzaniu si\u0119 \u017cy\u0142. Ponadto wzmacnia elastyczno\u015b\u0107 sk\u00f3ry i poprawia jej koloryt. Krem dzia\u0142a przeciwzapalnie, dzi\u0119ki czemu zmniejsza wyst\u0119puj\u0105ce obrz\u0119ki. Redukuje opuchni\u0119cia i uczucie zm\u0119czonych n\u00f3g. Ma natychmiastowe dzia\u0142anie ch\u0142odz\u0105ce oraz od\u015bwie\u017caj\u0105ce. Jest to doskona\u0142y produkt na lato, zw\u0142aszcza w przypadku uczucia ci\u0119\u017ckich n\u00f3g.<\/p>\n","protected":false},"featured_media":702,"template":"","meta":[],"product_brand":[],"product_cat":[15],"product_tag":[],"class_list":{"0":"post-703","1":"product","2":"type-product","3":"status-publish","4":"has-post-thumbnail","6":"product_cat-uncategorized","8":"first","9":"instock","10":"shipping-taxable","11":"purchasable","12":"product-type-simple"},"_links":{"self":[{"href":"https:\/\/lalka.boutique\/index.php\/wp-json\/wp\/v2\/product\/703","targetHints":{"allow":["GET"]}}],"collection":[{"href":"https:\/\/lalka.boutique\/index.php\/wp-json\/wp\/v2\/product"}],"about":[{"href":"https:\/\/lalka.boutique\/index.php\/wp-json\/wp\/v2\/types\/product"}],"wp:featuredmedia":[{"embeddable":true,"href":"https:\/\/lalka.boutique\/index.php\/wp-json\/wp\/v2\/media\/702"}],"wp:attachment":[{"href":"https:\/\/lalka.boutique\/index.php\/wp-json\/wp\/v2\/media?parent=703"}],"wp:term":[{"taxonomy":"product_brand","embeddable":true,"href":"https:\/\/lalka.boutique\/index.php\/wp-json\/wp\/v2\/product_brand?post=703"},{"taxonomy":"product_cat","embeddable":true,"href":"https:\/\/lalka.boutique\/index.php\/wp-json\/wp\/v2\/product_cat?post=703"},{"taxonomy":"product_tag","embeddable":true,"href":"https:\/\/lalka.boutique\/index.php\/wp-json\/wp\/v2\/product_tag?post=703"}],"curies":[{"name":"wp","href":"https:\/\/api.w.org\/{rel}","templated":true}]}}