{"id":709,"date":"2025-11-27T23:00:40","date_gmt":"2025-11-27T22:00:40","guid":{"rendered":"https:\/\/lalka.boutique\/index.php\/product\/creme-dermo-rl-corps\/"},"modified":"2025-11-27T23:00:40","modified_gmt":"2025-11-27T22:00:40","slug":"creme-dermo-rl-corps","status":"publish","type":"product","link":"https:\/\/lalka.boutique\/index.php\/product\/creme-dermo-rl-corps\/","title":{"rendered":"Creme Dermo-rl Corps"},"content":{"rendered":"","protected":false},"excerpt":{"rendered":"<p>Cr\u00e8me Dermo-RL Corps to intensywny krem relipiduj\u0105cy do cia\u0142a. Dzi\u0119ki zawarto\u015bci niezb\u0119dnych kwas\u00f3w t\u0142uszczowych odnawia i regeneruje nawet najbardziej przesuszone Stany Sk\u00f3ry\u00a9. Przywraca nask\u00f3rkowi komfort i otacza go delikatnym p\u0142aszczem lipidowym, kt\u00f3ry zapobiega ucieczce wody i sprawia, \u017ce sk\u00f3ra jest ukojona, a tak\u017ce zabezpieczona przed negatywnym dzia\u0142aniem czynnik\u00f3w \u015brodowiskowych. Formu\u0142a bogata w nawil\u017caj\u0105ce i ochronne sk\u0142adniki aktywne przywraca sk\u00f3rze prawid\u0142owy poziom nawil\u017cenia, kt\u00f3ry utrzymuje si\u0119 przez ca\u0142y dzie\u0144.<\/p>\n","protected":false},"featured_media":708,"template":"","meta":[],"product_brand":[],"product_cat":[15],"product_tag":[],"class_list":{"0":"post-709","1":"product","2":"type-product","3":"status-publish","4":"has-post-thumbnail","6":"product_cat-uncategorized","8":"first","9":"instock","10":"shipping-taxable","11":"purchasable","12":"product-type-simple"},"_links":{"self":[{"href":"https:\/\/lalka.boutique\/index.php\/wp-json\/wp\/v2\/product\/709","targetHints":{"allow":["GET"]}}],"collection":[{"href":"https:\/\/lalka.boutique\/index.php\/wp-json\/wp\/v2\/product"}],"about":[{"href":"https:\/\/lalka.boutique\/index.php\/wp-json\/wp\/v2\/types\/product"}],"wp:featuredmedia":[{"embeddable":true,"href":"https:\/\/lalka.boutique\/index.php\/wp-json\/wp\/v2\/media\/708"}],"wp:attachment":[{"href":"https:\/\/lalka.boutique\/index.php\/wp-json\/wp\/v2\/media?parent=709"}],"wp:term":[{"taxonomy":"product_brand","embeddable":true,"href":"https:\/\/lalka.boutique\/index.php\/wp-json\/wp\/v2\/product_brand?post=709"},{"taxonomy":"product_cat","embeddable":true,"href":"https:\/\/lalka.boutique\/index.php\/wp-json\/wp\/v2\/product_cat?post=709"},{"taxonomy":"product_tag","embeddable":true,"href":"https:\/\/lalka.boutique\/index.php\/wp-json\/wp\/v2\/product_tag?post=709"}],"curies":[{"name":"wp","href":"https:\/\/api.w.org\/{rel}","templated":true}]}}