{"id":711,"date":"2025-11-27T23:00:40","date_gmt":"2025-11-27T22:00:40","guid":{"rendered":"https:\/\/lalka.boutique\/index.php\/product\/creme-elastine\/"},"modified":"2025-11-27T23:00:40","modified_gmt":"2025-11-27T22:00:40","slug":"creme-elastine","status":"publish","type":"product","link":"https:\/\/lalka.boutique\/index.php\/product\/creme-elastine\/","title":{"rendered":"Creme Elastine"},"content":{"rendered":"","protected":false},"excerpt":{"rendered":"<p>Cr\u00e8me Elastine to produkt wyg\u0142adzaj\u0105cy, kt\u00f3ry zmniejsza widoczno\u015b\u0107 drobnych linii i zmarszczek. Jego formu\u0142a zawiera aktywny sk\u0142adnik odtwarzaj\u0105cy ten sam wz\u00f3r aminokwas\u00f3w, co jeden z najd\u0142u\u017cszych fragment\u00f3w elastyny. Zwi\u0119ksza nawil\u017cenie sk\u00f3ry i nie pozostawia t\u0142ustego filmu. Przywraca elastyczno\u015b\u0107, j\u0119drno\u015b\u0107 i g\u0142adko\u015b\u0107.<\/p>\n","protected":false},"featured_media":710,"template":"","meta":[],"product_brand":[],"product_cat":[15],"product_tag":[],"class_list":{"0":"post-711","1":"product","2":"type-product","3":"status-publish","4":"has-post-thumbnail","6":"product_cat-uncategorized","8":"first","9":"instock","10":"shipping-taxable","11":"purchasable","12":"product-type-simple"},"_links":{"self":[{"href":"https:\/\/lalka.boutique\/index.php\/wp-json\/wp\/v2\/product\/711","targetHints":{"allow":["GET"]}}],"collection":[{"href":"https:\/\/lalka.boutique\/index.php\/wp-json\/wp\/v2\/product"}],"about":[{"href":"https:\/\/lalka.boutique\/index.php\/wp-json\/wp\/v2\/types\/product"}],"wp:featuredmedia":[{"embeddable":true,"href":"https:\/\/lalka.boutique\/index.php\/wp-json\/wp\/v2\/media\/710"}],"wp:attachment":[{"href":"https:\/\/lalka.boutique\/index.php\/wp-json\/wp\/v2\/media?parent=711"}],"wp:term":[{"taxonomy":"product_brand","embeddable":true,"href":"https:\/\/lalka.boutique\/index.php\/wp-json\/wp\/v2\/product_brand?post=711"},{"taxonomy":"product_cat","embeddable":true,"href":"https:\/\/lalka.boutique\/index.php\/wp-json\/wp\/v2\/product_cat?post=711"},{"taxonomy":"product_tag","embeddable":true,"href":"https:\/\/lalka.boutique\/index.php\/wp-json\/wp\/v2\/product_tag?post=711"}],"curies":[{"name":"wp","href":"https:\/\/api.w.org\/{rel}","templated":true}]}}