{"id":715,"date":"2025-11-27T23:00:44","date_gmt":"2025-11-27T22:00:44","guid":{"rendered":"https:\/\/lalka.boutique\/index.php\/product\/creme-hydravits\/"},"modified":"2025-11-27T23:00:44","modified_gmt":"2025-11-27T22:00:44","slug":"creme-hydravits","status":"publish","type":"product","link":"https:\/\/lalka.boutique\/index.php\/product\/creme-hydravits\/","title":{"rendered":"Creme Hydravit&#8217;s"},"content":{"rendered":"","protected":false},"excerpt":{"rendered":"<p>Creme Hydravit&#8217;S intensywnie nawadnia sk\u00f3r\u0119, zapewniaj\u0105c natychmiastowy, a zarazem d\u0142ugotrwa\u0142y efekt nawil\u017cenia. Stymuluje odnow\u0119 kom\u00f3rkow\u0105, przyspieszaj\u0105c regeneracj\u0119 i dodaj\u0105c energii sk\u00f3rze. Cera odzyskuje promienno\u015b\u0107 i blask.<\/p>\n","protected":false},"featured_media":714,"template":"","meta":[],"product_brand":[],"product_cat":[15],"product_tag":[],"class_list":{"0":"post-715","1":"product","2":"type-product","3":"status-publish","4":"has-post-thumbnail","6":"product_cat-uncategorized","8":"first","9":"instock","10":"shipping-taxable","11":"purchasable","12":"product-type-simple"},"_links":{"self":[{"href":"https:\/\/lalka.boutique\/index.php\/wp-json\/wp\/v2\/product\/715","targetHints":{"allow":["GET"]}}],"collection":[{"href":"https:\/\/lalka.boutique\/index.php\/wp-json\/wp\/v2\/product"}],"about":[{"href":"https:\/\/lalka.boutique\/index.php\/wp-json\/wp\/v2\/types\/product"}],"wp:featuredmedia":[{"embeddable":true,"href":"https:\/\/lalka.boutique\/index.php\/wp-json\/wp\/v2\/media\/714"}],"wp:attachment":[{"href":"https:\/\/lalka.boutique\/index.php\/wp-json\/wp\/v2\/media?parent=715"}],"wp:term":[{"taxonomy":"product_brand","embeddable":true,"href":"https:\/\/lalka.boutique\/index.php\/wp-json\/wp\/v2\/product_brand?post=715"},{"taxonomy":"product_cat","embeddable":true,"href":"https:\/\/lalka.boutique\/index.php\/wp-json\/wp\/v2\/product_cat?post=715"},{"taxonomy":"product_tag","embeddable":true,"href":"https:\/\/lalka.boutique\/index.php\/wp-json\/wp\/v2\/product_tag?post=715"}],"curies":[{"name":"wp","href":"https:\/\/api.w.org\/{rel}","templated":true}]}}