{"id":717,"date":"2025-11-27T23:00:45","date_gmt":"2025-11-27T22:00:45","guid":{"rendered":"https:\/\/lalka.boutique\/index.php\/product\/creme-iso-placenta\/"},"modified":"2025-11-27T23:00:45","modified_gmt":"2025-11-27T22:00:45","slug":"creme-iso-placenta","status":"publish","type":"product","link":"https:\/\/lalka.boutique\/index.php\/product\/creme-iso-placenta\/","title":{"rendered":"Creme Iso Placenta"},"content":{"rendered":"","protected":false},"excerpt":{"rendered":"<p>Creme Iso-Placenta zapewnia intensywn\u0105 regeneracj\u0119, zw\u0142aszcza w przypadku sk\u00f3ry tr\u0105dzikowej. Zapobiega pojawianiu si\u0119 niedoskona\u0142o\u015bci, redukuje blizny i \u015blady potr\u0105dzikowe dzi\u0119ki placencie biomimetycznej. Powierzchnia sk\u00f3ry staje si\u0119 g\u0142adsza i mniej zaczerwieniona.<\/p>\n","protected":false},"featured_media":716,"template":"","meta":[],"product_brand":[],"product_cat":[15],"product_tag":[],"class_list":{"0":"post-717","1":"product","2":"type-product","3":"status-publish","4":"has-post-thumbnail","6":"product_cat-uncategorized","8":"first","9":"instock","10":"shipping-taxable","11":"purchasable","12":"product-type-simple"},"_links":{"self":[{"href":"https:\/\/lalka.boutique\/index.php\/wp-json\/wp\/v2\/product\/717","targetHints":{"allow":["GET"]}}],"collection":[{"href":"https:\/\/lalka.boutique\/index.php\/wp-json\/wp\/v2\/product"}],"about":[{"href":"https:\/\/lalka.boutique\/index.php\/wp-json\/wp\/v2\/types\/product"}],"wp:featuredmedia":[{"embeddable":true,"href":"https:\/\/lalka.boutique\/index.php\/wp-json\/wp\/v2\/media\/716"}],"wp:attachment":[{"href":"https:\/\/lalka.boutique\/index.php\/wp-json\/wp\/v2\/media?parent=717"}],"wp:term":[{"taxonomy":"product_brand","embeddable":true,"href":"https:\/\/lalka.boutique\/index.php\/wp-json\/wp\/v2\/product_brand?post=717"},{"taxonomy":"product_cat","embeddable":true,"href":"https:\/\/lalka.boutique\/index.php\/wp-json\/wp\/v2\/product_cat?post=717"},{"taxonomy":"product_tag","embeddable":true,"href":"https:\/\/lalka.boutique\/index.php\/wp-json\/wp\/v2\/product_tag?post=717"}],"curies":[{"name":"wp","href":"https:\/\/api.w.org\/{rel}","templated":true}]}}