{"id":719,"date":"2025-11-27T23:00:47","date_gmt":"2025-11-27T22:00:47","guid":{"rendered":"https:\/\/lalka.boutique\/index.php\/product\/creme-masque-vernix-vg\/"},"modified":"2025-11-27T23:00:48","modified_gmt":"2025-11-27T22:00:48","slug":"creme-masque-vernix-vg","status":"publish","type":"product","link":"https:\/\/lalka.boutique\/index.php\/product\/creme-masque-vernix-vg\/","title":{"rendered":"Creme Masque Vernix Vg"},"content":{"rendered":"","protected":false},"excerpt":{"rendered":"<p>Cr\u00e8me Masque Vernix VG* natychmiastowo odbudowuje nask\u00f3rek, przywracaj\u0105c sk\u00f3rze g\u0142adko\u015b\u0107. Ten wyj\u0105tkowy i kultowy produkt inspirowany jest mazi\u0105 p\u0142odow\u0105, substancj\u0105 pokrywaj\u0105c\u0105 nask\u00f3rek niemowl\u0119cia, o nadzwyczajnych w\u0142a\u015bciwo\u015bciach ochronnych i nawil\u017caj\u0105cych. Cr\u00e8me Masque Vernix VG zosta\u0142 zaprojektowany z my\u015bl\u0105 o Stanach Sk\u00f3ry\u00a9 wymagaj\u0105cych intensywnej regeneracji i odbudowy. Formu\u0142a bogata w lipidy, bia\u0142ka i peptydy przeciwutleniaj\u0105ce zapewnia utrzymanie silnej i zdrowej bariery sk\u00f3rnej. Nask\u00f3rek chroniony przed szkodliwymi czynnikami zewn\u0119trznymi staje si\u0119 od\u017cywiony, zregenerowany i wyj\u0105tkowo g\u0142adki. *botaniczna biomimikra mazi p\u0142odowej<\/p>\n","protected":false},"featured_media":718,"template":"","meta":[],"product_brand":[],"product_cat":[15],"product_tag":[],"class_list":{"0":"post-719","1":"product","2":"type-product","3":"status-publish","4":"has-post-thumbnail","6":"product_cat-uncategorized","8":"first","9":"instock","10":"shipping-taxable","11":"purchasable","12":"product-type-simple"},"_links":{"self":[{"href":"https:\/\/lalka.boutique\/index.php\/wp-json\/wp\/v2\/product\/719","targetHints":{"allow":["GET"]}}],"collection":[{"href":"https:\/\/lalka.boutique\/index.php\/wp-json\/wp\/v2\/product"}],"about":[{"href":"https:\/\/lalka.boutique\/index.php\/wp-json\/wp\/v2\/types\/product"}],"wp:featuredmedia":[{"embeddable":true,"href":"https:\/\/lalka.boutique\/index.php\/wp-json\/wp\/v2\/media\/718"}],"wp:attachment":[{"href":"https:\/\/lalka.boutique\/index.php\/wp-json\/wp\/v2\/media?parent=719"}],"wp:term":[{"taxonomy":"product_brand","embeddable":true,"href":"https:\/\/lalka.boutique\/index.php\/wp-json\/wp\/v2\/product_brand?post=719"},{"taxonomy":"product_cat","embeddable":true,"href":"https:\/\/lalka.boutique\/index.php\/wp-json\/wp\/v2\/product_cat?post=719"},{"taxonomy":"product_tag","embeddable":true,"href":"https:\/\/lalka.boutique\/index.php\/wp-json\/wp\/v2\/product_tag?post=719"}],"curies":[{"name":"wp","href":"https:\/\/api.w.org\/{rel}","templated":true}]}}