{"id":721,"date":"2025-11-27T23:00:50","date_gmt":"2025-11-27T22:00:50","guid":{"rendered":"https:\/\/lalka.boutique\/index.php\/product\/creme-matricielle\/"},"modified":"2025-11-27T23:00:50","modified_gmt":"2025-11-27T22:00:50","slug":"creme-matricielle","status":"publish","type":"product","link":"https:\/\/lalka.boutique\/index.php\/product\/creme-matricielle\/","title":{"rendered":"Creme Matricielle"},"content":{"rendered":"","protected":false},"excerpt":{"rendered":"<p>Dzia\u0142a na zwiotcza\u0142\u0105 sk\u00f3r\u0119 cia\u0142a, zw\u0142aszcza w obszarach najbardziej podatnych na utrat\u0119 j\u0119drno\u015bci (uda, brzuch, tu\u0142\u00f3w i ramiona), spowodowan\u0105 zmniejszon\u0105 produkcj\u0105 w\u0142\u00f3kien podporowych (kolagenu i elastyny) oraz zmian\u0105 po\u0142\u0105cze\u0144 sk\u00f3rno-nask\u00f3rkowych. Dzi\u0119ki delikatnej, jedwabistej, ale niet\u0142ustej konsystencji, pozwala na wykonywanie masa\u017cy, kt\u00f3re znacznie przyspieszaj\u0105 widoczno\u015b\u0107 efekt\u00f3w. Dzie\u0144 po dniu sk\u00f3ra jest bardziej wyg\u0142adzona, uj\u0119drniona i lepiej napi\u0119ta.<\/p>\n","protected":false},"featured_media":720,"template":"","meta":[],"product_brand":[],"product_cat":[15],"product_tag":[],"class_list":{"0":"post-721","1":"product","2":"type-product","3":"status-publish","4":"has-post-thumbnail","6":"product_cat-uncategorized","8":"first","9":"instock","10":"shipping-taxable","11":"purchasable","12":"product-type-simple"},"_links":{"self":[{"href":"https:\/\/lalka.boutique\/index.php\/wp-json\/wp\/v2\/product\/721","targetHints":{"allow":["GET"]}}],"collection":[{"href":"https:\/\/lalka.boutique\/index.php\/wp-json\/wp\/v2\/product"}],"about":[{"href":"https:\/\/lalka.boutique\/index.php\/wp-json\/wp\/v2\/types\/product"}],"wp:featuredmedia":[{"embeddable":true,"href":"https:\/\/lalka.boutique\/index.php\/wp-json\/wp\/v2\/media\/720"}],"wp:attachment":[{"href":"https:\/\/lalka.boutique\/index.php\/wp-json\/wp\/v2\/media?parent=721"}],"wp:term":[{"taxonomy":"product_brand","embeddable":true,"href":"https:\/\/lalka.boutique\/index.php\/wp-json\/wp\/v2\/product_brand?post=721"},{"taxonomy":"product_cat","embeddable":true,"href":"https:\/\/lalka.boutique\/index.php\/wp-json\/wp\/v2\/product_cat?post=721"},{"taxonomy":"product_tag","embeddable":true,"href":"https:\/\/lalka.boutique\/index.php\/wp-json\/wp\/v2\/product_tag?post=721"}],"curies":[{"name":"wp","href":"https:\/\/api.w.org\/{rel}","templated":true}]}}