{"id":723,"date":"2025-11-27T23:00:51","date_gmt":"2025-11-27T22:00:51","guid":{"rendered":"https:\/\/lalka.boutique\/index.php\/product\/creme-msr-h\/"},"modified":"2025-11-27T23:00:51","modified_gmt":"2025-11-27T22:00:51","slug":"creme-msr-h","status":"publish","type":"product","link":"https:\/\/lalka.boutique\/index.php\/product\/creme-msr-h\/","title":{"rendered":"Creme Msr-h"},"content":{"rendered":"","protected":false},"excerpt":{"rendered":"<p>Creme MSR-H ma wysokie st\u0119\u017cenie sk\u0142adnik\u00f3w aktywnych, kt\u00f3re odpowiadaj\u0105 potrzebom sk\u00f3ry w okresie menopauzalnym. Krem zag\u0119szcza struktur\u0119 sk\u00f3ry poprawiaj\u0105c jej j\u0119drno\u015b\u0107 i elastyczno\u015b\u0107. Wyg\u0142adza i wype\u0142nia zmarszczki. G\u0142\u0119boko i d\u0142ugotrwale nawil\u017ca, zapobiega wysuszeniu, kt\u00f3re mo\u017ce by\u0107 powszechn\u0105 dolegliwo\u015bci\u0105 w tym okresie \u017cycia.<\/p>\n","protected":false},"featured_media":722,"template":"","meta":[],"product_brand":[],"product_cat":[15],"product_tag":[],"class_list":{"0":"post-723","1":"product","2":"type-product","3":"status-publish","4":"has-post-thumbnail","6":"product_cat-uncategorized","8":"first","9":"instock","10":"shipping-taxable","11":"purchasable","12":"product-type-simple"},"_links":{"self":[{"href":"https:\/\/lalka.boutique\/index.php\/wp-json\/wp\/v2\/product\/723","targetHints":{"allow":["GET"]}}],"collection":[{"href":"https:\/\/lalka.boutique\/index.php\/wp-json\/wp\/v2\/product"}],"about":[{"href":"https:\/\/lalka.boutique\/index.php\/wp-json\/wp\/v2\/types\/product"}],"wp:featuredmedia":[{"embeddable":true,"href":"https:\/\/lalka.boutique\/index.php\/wp-json\/wp\/v2\/media\/722"}],"wp:attachment":[{"href":"https:\/\/lalka.boutique\/index.php\/wp-json\/wp\/v2\/media?parent=723"}],"wp:term":[{"taxonomy":"product_brand","embeddable":true,"href":"https:\/\/lalka.boutique\/index.php\/wp-json\/wp\/v2\/product_brand?post=723"},{"taxonomy":"product_cat","embeddable":true,"href":"https:\/\/lalka.boutique\/index.php\/wp-json\/wp\/v2\/product_cat?post=723"},{"taxonomy":"product_tag","embeddable":true,"href":"https:\/\/lalka.boutique\/index.php\/wp-json\/wp\/v2\/product_tag?post=723"}],"curies":[{"name":"wp","href":"https:\/\/api.w.org\/{rel}","templated":true}]}}