{"id":725,"date":"2025-11-27T23:00:52","date_gmt":"2025-11-27T22:00:52","guid":{"rendered":"https:\/\/lalka.boutique\/index.php\/product\/creme-msr-h-corps\/"},"modified":"2025-11-27T23:00:52","modified_gmt":"2025-11-27T22:00:52","slug":"creme-msr-h-corps","status":"publish","type":"product","link":"https:\/\/lalka.boutique\/index.php\/product\/creme-msr-h-corps\/","title":{"rendered":"Creme Msr-h Corps"},"content":{"rendered":"","protected":false},"excerpt":{"rendered":"<p>Creme MSR-H Corps to intensywny krem, kt\u00f3rego formu\u0142a zosta\u0142a stworzona z uwzgl\u0119dnieniem zmian zachodz\u0105cych w sk\u00f3rze podczas okresu menopauzy. Ma silne dzia\u0142anie od\u017cywcze i przeciwstarzeniowe. Poprawia g\u0119sto\u015b\u0107 sk\u00f3ry, przywraca jej r\u00f3wnowag\u0119, uelastycznia oraz uj\u0119drnia. Bogaty w sk\u0142adniki relipiduj\u0105ce i nawil\u017caj\u0105ce, przywraca sk\u00f3rze komfort i mi\u0119kko\u015b\u0107.<\/p>\n","protected":false},"featured_media":724,"template":"","meta":[],"product_brand":[],"product_cat":[15],"product_tag":[],"class_list":{"0":"post-725","1":"product","2":"type-product","3":"status-publish","4":"has-post-thumbnail","6":"product_cat-uncategorized","8":"first","9":"instock","10":"shipping-taxable","11":"purchasable","12":"product-type-simple"},"_links":{"self":[{"href":"https:\/\/lalka.boutique\/index.php\/wp-json\/wp\/v2\/product\/725","targetHints":{"allow":["GET"]}}],"collection":[{"href":"https:\/\/lalka.boutique\/index.php\/wp-json\/wp\/v2\/product"}],"about":[{"href":"https:\/\/lalka.boutique\/index.php\/wp-json\/wp\/v2\/types\/product"}],"wp:featuredmedia":[{"embeddable":true,"href":"https:\/\/lalka.boutique\/index.php\/wp-json\/wp\/v2\/media\/724"}],"wp:attachment":[{"href":"https:\/\/lalka.boutique\/index.php\/wp-json\/wp\/v2\/media?parent=725"}],"wp:term":[{"taxonomy":"product_brand","embeddable":true,"href":"https:\/\/lalka.boutique\/index.php\/wp-json\/wp\/v2\/product_brand?post=725"},{"taxonomy":"product_cat","embeddable":true,"href":"https:\/\/lalka.boutique\/index.php\/wp-json\/wp\/v2\/product_cat?post=725"},{"taxonomy":"product_tag","embeddable":true,"href":"https:\/\/lalka.boutique\/index.php\/wp-json\/wp\/v2\/product_tag?post=725"}],"curies":[{"name":"wp","href":"https:\/\/api.w.org\/{rel}","templated":true}]}}