{"id":727,"date":"2025-11-27T23:00:52","date_gmt":"2025-11-27T22:00:52","guid":{"rendered":"https:\/\/lalka.boutique\/index.php\/product\/creme-pigm-400\/"},"modified":"2025-11-27T23:00:52","modified_gmt":"2025-11-27T22:00:52","slug":"creme-pigm-400","status":"publish","type":"product","link":"https:\/\/lalka.boutique\/index.php\/product\/creme-pigm-400\/","title":{"rendered":"Creme Pigm 400"},"content":{"rendered":"","protected":false},"excerpt":{"rendered":"<p>Cr\u00e8me PIGM 400 redukuje istniej\u0105ce przebarwienia i zapobiega powstawaniu nowych. Daje natychmiastowy efekt rozja\u015bnienia oraz ujednolicenia kolorytu.<\/p>\n","protected":false},"featured_media":726,"template":"","meta":[],"product_brand":[],"product_cat":[15],"product_tag":[],"class_list":{"0":"post-727","1":"product","2":"type-product","3":"status-publish","4":"has-post-thumbnail","6":"product_cat-uncategorized","8":"first","9":"instock","10":"shipping-taxable","11":"purchasable","12":"product-type-simple"},"_links":{"self":[{"href":"https:\/\/lalka.boutique\/index.php\/wp-json\/wp\/v2\/product\/727","targetHints":{"allow":["GET"]}}],"collection":[{"href":"https:\/\/lalka.boutique\/index.php\/wp-json\/wp\/v2\/product"}],"about":[{"href":"https:\/\/lalka.boutique\/index.php\/wp-json\/wp\/v2\/types\/product"}],"wp:featuredmedia":[{"embeddable":true,"href":"https:\/\/lalka.boutique\/index.php\/wp-json\/wp\/v2\/media\/726"}],"wp:attachment":[{"href":"https:\/\/lalka.boutique\/index.php\/wp-json\/wp\/v2\/media?parent=727"}],"wp:term":[{"taxonomy":"product_brand","embeddable":true,"href":"https:\/\/lalka.boutique\/index.php\/wp-json\/wp\/v2\/product_brand?post=727"},{"taxonomy":"product_cat","embeddable":true,"href":"https:\/\/lalka.boutique\/index.php\/wp-json\/wp\/v2\/product_cat?post=727"},{"taxonomy":"product_tag","embeddable":true,"href":"https:\/\/lalka.boutique\/index.php\/wp-json\/wp\/v2\/product_tag?post=727"}],"curies":[{"name":"wp","href":"https:\/\/api.w.org\/{rel}","templated":true}]}}