{"id":729,"date":"2025-11-27T23:00:55","date_gmt":"2025-11-27T22:00:55","guid":{"rendered":"https:\/\/lalka.boutique\/index.php\/product\/creme-r-stria\/"},"modified":"2025-11-27T23:00:55","modified_gmt":"2025-11-27T22:00:55","slug":"creme-r-stria","status":"publish","type":"product","link":"https:\/\/lalka.boutique\/index.php\/product\/creme-r-stria\/","title":{"rendered":"Creme R-stria"},"content":{"rendered":"","protected":false},"excerpt":{"rendered":"<p>Cr\u00e8me R-Stria to produkt do piel\u0119gnacji cia\u0142a, kt\u00f3ry zapobiega powstawaniu czerwonych rozst\u0119p\u00f3w i zmniejsza ich widoczno\u015b\u0107. Tworz\u0105cy go koktajl koj\u0105cych oraz stymuluj\u0105cych sk\u0142adnik\u00f3w aktywnych \u0142agodzi stany zapalne. Dzia\u0142aj\u0105c g\u0142\u0119boko w sk\u00f3rze w\u0142a\u015bciwej, odbudowuje jej struktur\u0119.<\/p>\n","protected":false},"featured_media":728,"template":"","meta":[],"product_brand":[],"product_cat":[15],"product_tag":[],"class_list":{"0":"post-729","1":"product","2":"type-product","3":"status-publish","4":"has-post-thumbnail","6":"product_cat-uncategorized","8":"first","9":"instock","10":"shipping-taxable","11":"purchasable","12":"product-type-simple"},"_links":{"self":[{"href":"https:\/\/lalka.boutique\/index.php\/wp-json\/wp\/v2\/product\/729","targetHints":{"allow":["GET"]}}],"collection":[{"href":"https:\/\/lalka.boutique\/index.php\/wp-json\/wp\/v2\/product"}],"about":[{"href":"https:\/\/lalka.boutique\/index.php\/wp-json\/wp\/v2\/types\/product"}],"wp:featuredmedia":[{"embeddable":true,"href":"https:\/\/lalka.boutique\/index.php\/wp-json\/wp\/v2\/media\/728"}],"wp:attachment":[{"href":"https:\/\/lalka.boutique\/index.php\/wp-json\/wp\/v2\/media?parent=729"}],"wp:term":[{"taxonomy":"product_brand","embeddable":true,"href":"https:\/\/lalka.boutique\/index.php\/wp-json\/wp\/v2\/product_brand?post=729"},{"taxonomy":"product_cat","embeddable":true,"href":"https:\/\/lalka.boutique\/index.php\/wp-json\/wp\/v2\/product_cat?post=729"},{"taxonomy":"product_tag","embeddable":true,"href":"https:\/\/lalka.boutique\/index.php\/wp-json\/wp\/v2\/product_tag?post=729"}],"curies":[{"name":"wp","href":"https:\/\/api.w.org\/{rel}","templated":true}]}}