{"id":731,"date":"2025-11-27T23:00:55","date_gmt":"2025-11-27T22:00:55","guid":{"rendered":"https:\/\/lalka.boutique\/index.php\/product\/creme-splendide\/"},"modified":"2025-11-27T23:00:55","modified_gmt":"2025-11-27T22:00:55","slug":"creme-splendide","status":"publish","type":"product","link":"https:\/\/lalka.boutique\/index.php\/product\/creme-splendide\/","title":{"rendered":"Creme Splendide"},"content":{"rendered":"","protected":false},"excerpt":{"rendered":"<p>Creme Splendide to prawdziwy zastrzyk witalno\u015bci, kt\u00f3ry pomaga przeciwdzia\u0142a\u0107 starzeniu si\u0119 sk\u00f3ry. Uj\u0119drnia, napina i nawil\u017ca. Stosowany codziennie przywraca g\u0119sto\u015b\u0107 sk\u00f3rze, nadaj\u0105c jej \u015bwie\u017cy, naturalny blask oraz modeluje kontury twarzy.<\/p>\n","protected":false},"featured_media":730,"template":"","meta":[],"product_brand":[],"product_cat":[15],"product_tag":[],"class_list":{"0":"post-731","1":"product","2":"type-product","3":"status-publish","4":"has-post-thumbnail","6":"product_cat-uncategorized","8":"first","9":"instock","10":"shipping-taxable","11":"purchasable","12":"product-type-simple"},"_links":{"self":[{"href":"https:\/\/lalka.boutique\/index.php\/wp-json\/wp\/v2\/product\/731","targetHints":{"allow":["GET"]}}],"collection":[{"href":"https:\/\/lalka.boutique\/index.php\/wp-json\/wp\/v2\/product"}],"about":[{"href":"https:\/\/lalka.boutique\/index.php\/wp-json\/wp\/v2\/types\/product"}],"wp:featuredmedia":[{"embeddable":true,"href":"https:\/\/lalka.boutique\/index.php\/wp-json\/wp\/v2\/media\/730"}],"wp:attachment":[{"href":"https:\/\/lalka.boutique\/index.php\/wp-json\/wp\/v2\/media?parent=731"}],"wp:term":[{"taxonomy":"product_brand","embeddable":true,"href":"https:\/\/lalka.boutique\/index.php\/wp-json\/wp\/v2\/product_brand?post=731"},{"taxonomy":"product_cat","embeddable":true,"href":"https:\/\/lalka.boutique\/index.php\/wp-json\/wp\/v2\/product_cat?post=731"},{"taxonomy":"product_tag","embeddable":true,"href":"https:\/\/lalka.boutique\/index.php\/wp-json\/wp\/v2\/product_tag?post=731"}],"curies":[{"name":"wp","href":"https:\/\/api.w.org\/{rel}","templated":true}]}}