{"id":737,"date":"2025-11-27T23:00:57","date_gmt":"2025-11-27T22:00:57","guid":{"rendered":"https:\/\/lalka.boutique\/index.php\/product\/creme-vip-o2\/"},"modified":"2025-11-27T23:00:57","modified_gmt":"2025-11-27T22:00:57","slug":"creme-vip-o2","status":"publish","type":"product","link":"https:\/\/lalka.boutique\/index.php\/product\/creme-vip-o2\/","title":{"rendered":"Creme Vip O2"},"content":{"rendered":"","protected":false},"excerpt":{"rendered":"<p>Creme VIP O2 jest bogaty w sk\u0142adniki aktywne, kt\u00f3re zwalczaj\u0105 negatywne skutki spowodowane dzia\u0142aniem zanieczyszcze\u0144 na sk\u00f3r\u0119. Chroni j\u0105 przed stresem oksydacyjnym. Krem ten przywraca blask i roz\u015bwietla szar\u0105, zm\u0119czon\u0105 cer\u0119, jednocze\u015bnie regeneruj\u0105c nask\u00f3rek.<\/p>\n","protected":false},"featured_media":736,"template":"","meta":[],"product_brand":[],"product_cat":[15],"product_tag":[],"class_list":{"0":"post-737","1":"product","2":"type-product","3":"status-publish","4":"has-post-thumbnail","6":"product_cat-uncategorized","8":"first","9":"instock","10":"shipping-taxable","11":"purchasable","12":"product-type-simple"},"_links":{"self":[{"href":"https:\/\/lalka.boutique\/index.php\/wp-json\/wp\/v2\/product\/737","targetHints":{"allow":["GET"]}}],"collection":[{"href":"https:\/\/lalka.boutique\/index.php\/wp-json\/wp\/v2\/product"}],"about":[{"href":"https:\/\/lalka.boutique\/index.php\/wp-json\/wp\/v2\/types\/product"}],"wp:featuredmedia":[{"embeddable":true,"href":"https:\/\/lalka.boutique\/index.php\/wp-json\/wp\/v2\/media\/736"}],"wp:attachment":[{"href":"https:\/\/lalka.boutique\/index.php\/wp-json\/wp\/v2\/media?parent=737"}],"wp:term":[{"taxonomy":"product_brand","embeddable":true,"href":"https:\/\/lalka.boutique\/index.php\/wp-json\/wp\/v2\/product_brand?post=737"},{"taxonomy":"product_cat","embeddable":true,"href":"https:\/\/lalka.boutique\/index.php\/wp-json\/wp\/v2\/product_cat?post=737"},{"taxonomy":"product_tag","embeddable":true,"href":"https:\/\/lalka.boutique\/index.php\/wp-json\/wp\/v2\/product_tag?post=737"}],"curies":[{"name":"wp","href":"https:\/\/api.w.org\/{rel}","templated":true}]}}