{"id":741,"date":"2025-11-27T23:00:58","date_gmt":"2025-11-27T22:00:58","guid":{"rendered":"https:\/\/lalka.boutique\/index.php\/product\/dermopore\/"},"modified":"2025-11-27T23:00:58","modified_gmt":"2025-11-27T22:00:58","slug":"dermopore","status":"publish","type":"product","link":"https:\/\/lalka.boutique\/index.php\/product\/dermopore\/","title":{"rendered":"Dermopore"},"content":{"rendered":"","protected":false},"excerpt":{"rendered":"<p>Serum Dermopore to produkt, kt\u00f3ry reguluje wydzielanie sebum i w widoczny spos\u00f3b redukuje wielko\u015b\u0107 por\u00f3w. Przywraca g\u0142adko\u015b\u0107 sk\u00f3rze i sprawia, \u017ce staje si\u0119 ona ja\u015bniejsza, a tak\u017ce bardziej zr\u00f3wnowa\u017cona.<\/p>\n","protected":false},"featured_media":740,"template":"","meta":[],"product_brand":[],"product_cat":[15],"product_tag":[],"class_list":{"0":"post-741","1":"product","2":"type-product","3":"status-publish","4":"has-post-thumbnail","6":"product_cat-uncategorized","8":"first","9":"instock","10":"shipping-taxable","11":"purchasable","12":"product-type-simple"},"_links":{"self":[{"href":"https:\/\/lalka.boutique\/index.php\/wp-json\/wp\/v2\/product\/741","targetHints":{"allow":["GET"]}}],"collection":[{"href":"https:\/\/lalka.boutique\/index.php\/wp-json\/wp\/v2\/product"}],"about":[{"href":"https:\/\/lalka.boutique\/index.php\/wp-json\/wp\/v2\/types\/product"}],"wp:featuredmedia":[{"embeddable":true,"href":"https:\/\/lalka.boutique\/index.php\/wp-json\/wp\/v2\/media\/740"}],"wp:attachment":[{"href":"https:\/\/lalka.boutique\/index.php\/wp-json\/wp\/v2\/media?parent=741"}],"wp:term":[{"taxonomy":"product_brand","embeddable":true,"href":"https:\/\/lalka.boutique\/index.php\/wp-json\/wp\/v2\/product_brand?post=741"},{"taxonomy":"product_cat","embeddable":true,"href":"https:\/\/lalka.boutique\/index.php\/wp-json\/wp\/v2\/product_cat?post=741"},{"taxonomy":"product_tag","embeddable":true,"href":"https:\/\/lalka.boutique\/index.php\/wp-json\/wp\/v2\/product_tag?post=741"}],"curies":[{"name":"wp","href":"https:\/\/api.w.org\/{rel}","templated":true}]}}