{"id":743,"date":"2025-11-27T23:00:59","date_gmt":"2025-11-27T22:00:59","guid":{"rendered":"https:\/\/lalka.boutique\/index.php\/product\/eau-micellaire-biosensible\/"},"modified":"2025-11-27T23:00:59","modified_gmt":"2025-11-27T22:00:59","slug":"eau-micellaire-biosensible","status":"publish","type":"product","link":"https:\/\/lalka.boutique\/index.php\/product\/eau-micellaire-biosensible\/","title":{"rendered":"Eau Micellaire Biosensible"},"content":{"rendered":"","protected":false},"excerpt":{"rendered":"<p>Eau Micellaire Biosensible \u0142\u0105czy w\u0142a\u015bciwo\u015bci nawil\u017caj\u0105ce, tonizuj\u0105ce i koj\u0105ce ze skutecznym, ale delikatnym oczyszczaniem. Usuwa makija\u017c oraz zanieczyszczenia nie naruszaj\u0105c filmu hydrolipidowego sk\u00f3ry.<\/p>\n","protected":false},"featured_media":742,"template":"","meta":[],"product_brand":[],"product_cat":[15],"product_tag":[],"class_list":{"0":"post-743","1":"product","2":"type-product","3":"status-publish","4":"has-post-thumbnail","6":"product_cat-uncategorized","8":"first","9":"instock","10":"shipping-taxable","11":"purchasable","12":"product-type-simple"},"_links":{"self":[{"href":"https:\/\/lalka.boutique\/index.php\/wp-json\/wp\/v2\/product\/743","targetHints":{"allow":["GET"]}}],"collection":[{"href":"https:\/\/lalka.boutique\/index.php\/wp-json\/wp\/v2\/product"}],"about":[{"href":"https:\/\/lalka.boutique\/index.php\/wp-json\/wp\/v2\/types\/product"}],"wp:featuredmedia":[{"embeddable":true,"href":"https:\/\/lalka.boutique\/index.php\/wp-json\/wp\/v2\/media\/742"}],"wp:attachment":[{"href":"https:\/\/lalka.boutique\/index.php\/wp-json\/wp\/v2\/media?parent=743"}],"wp:term":[{"taxonomy":"product_brand","embeddable":true,"href":"https:\/\/lalka.boutique\/index.php\/wp-json\/wp\/v2\/product_brand?post=743"},{"taxonomy":"product_cat","embeddable":true,"href":"https:\/\/lalka.boutique\/index.php\/wp-json\/wp\/v2\/product_cat?post=743"},{"taxonomy":"product_tag","embeddable":true,"href":"https:\/\/lalka.boutique\/index.php\/wp-json\/wp\/v2\/product_tag?post=743"}],"curies":[{"name":"wp","href":"https:\/\/api.w.org\/{rel}","templated":true}]}}