{"id":745,"date":"2025-11-27T23:00:59","date_gmt":"2025-11-27T22:00:59","guid":{"rendered":"https:\/\/lalka.boutique\/index.php\/product\/elastine\/"},"modified":"2025-11-27T23:00:59","modified_gmt":"2025-11-27T22:00:59","slug":"elastine","status":"publish","type":"product","link":"https:\/\/lalka.boutique\/index.php\/product\/elastine\/","title":{"rendered":"Elastine"},"content":{"rendered":"","protected":false},"excerpt":{"rendered":"<p>Niezwykle skuteczny kosmetyk przeciwzmarszczkowy, kt\u00f3ry stymuluje syntez\u0119 elastyny, bia\u0142ka odpowiedzialnego za elastyczno\u015b\u0107 sk\u00f3ry. Wyg\u0142adza drobne linie i zmarszczki oraz zapobiega powstawaniu nowych. Sk\u00f3ra staje si\u0119 zdecydowanie bardziej napi\u0119ta.<\/p>\n","protected":false},"featured_media":744,"template":"","meta":[],"product_brand":[],"product_cat":[15],"product_tag":[],"class_list":{"0":"post-745","1":"product","2":"type-product","3":"status-publish","4":"has-post-thumbnail","6":"product_cat-uncategorized","8":"first","9":"instock","10":"shipping-taxable","11":"purchasable","12":"product-type-simple"},"_links":{"self":[{"href":"https:\/\/lalka.boutique\/index.php\/wp-json\/wp\/v2\/product\/745","targetHints":{"allow":["GET"]}}],"collection":[{"href":"https:\/\/lalka.boutique\/index.php\/wp-json\/wp\/v2\/product"}],"about":[{"href":"https:\/\/lalka.boutique\/index.php\/wp-json\/wp\/v2\/types\/product"}],"wp:featuredmedia":[{"embeddable":true,"href":"https:\/\/lalka.boutique\/index.php\/wp-json\/wp\/v2\/media\/744"}],"wp:attachment":[{"href":"https:\/\/lalka.boutique\/index.php\/wp-json\/wp\/v2\/media?parent=745"}],"wp:term":[{"taxonomy":"product_brand","embeddable":true,"href":"https:\/\/lalka.boutique\/index.php\/wp-json\/wp\/v2\/product_brand?post=745"},{"taxonomy":"product_cat","embeddable":true,"href":"https:\/\/lalka.boutique\/index.php\/wp-json\/wp\/v2\/product_cat?post=745"},{"taxonomy":"product_tag","embeddable":true,"href":"https:\/\/lalka.boutique\/index.php\/wp-json\/wp\/v2\/product_tag?post=745"}],"curies":[{"name":"wp","href":"https:\/\/api.w.org\/{rel}","templated":true}]}}