{"id":747,"date":"2025-11-27T23:01:00","date_gmt":"2025-11-27T22:01:00","guid":{"rendered":"https:\/\/lalka.boutique\/index.php\/product\/emulsion-corps-vip-o2\/"},"modified":"2025-11-27T23:01:00","modified_gmt":"2025-11-27T22:01:00","slug":"emulsion-corps-vip-o2","status":"publish","type":"product","link":"https:\/\/lalka.boutique\/index.php\/product\/emulsion-corps-vip-o2\/","title":{"rendered":"Emulsion Corps Vip O2"},"content":{"rendered":"","protected":false},"excerpt":{"rendered":"<p>Emulsion Corps VIP O2 dzia\u0142a jak tarcza przeciw zanieczyszczeniom, zapobiegaj\u0105c ich przywieraniu do powierzchni sk\u00f3ry i tym samym nie dopuszczaj\u0105c do ich przenikania w g\u0142\u0105b. Bogactwo dotleniaj\u0105cych oraz nawil\u017caj\u0105cych sk\u0142adnik\u00f3w aktywnych chroni sk\u00f3r\u0119 przed szkodliwym dzia\u0142aniem zanieczyszcze\u0144.<\/p>\n","protected":false},"featured_media":746,"template":"","meta":[],"product_brand":[],"product_cat":[15],"product_tag":[],"class_list":{"0":"post-747","1":"product","2":"type-product","3":"status-publish","4":"has-post-thumbnail","6":"product_cat-uncategorized","8":"first","9":"instock","10":"shipping-taxable","11":"purchasable","12":"product-type-simple"},"_links":{"self":[{"href":"https:\/\/lalka.boutique\/index.php\/wp-json\/wp\/v2\/product\/747","targetHints":{"allow":["GET"]}}],"collection":[{"href":"https:\/\/lalka.boutique\/index.php\/wp-json\/wp\/v2\/product"}],"about":[{"href":"https:\/\/lalka.boutique\/index.php\/wp-json\/wp\/v2\/types\/product"}],"wp:featuredmedia":[{"embeddable":true,"href":"https:\/\/lalka.boutique\/index.php\/wp-json\/wp\/v2\/media\/746"}],"wp:attachment":[{"href":"https:\/\/lalka.boutique\/index.php\/wp-json\/wp\/v2\/media?parent=747"}],"wp:term":[{"taxonomy":"product_brand","embeddable":true,"href":"https:\/\/lalka.boutique\/index.php\/wp-json\/wp\/v2\/product_brand?post=747"},{"taxonomy":"product_cat","embeddable":true,"href":"https:\/\/lalka.boutique\/index.php\/wp-json\/wp\/v2\/product_cat?post=747"},{"taxonomy":"product_tag","embeddable":true,"href":"https:\/\/lalka.boutique\/index.php\/wp-json\/wp\/v2\/product_tag?post=747"}],"curies":[{"name":"wp","href":"https:\/\/api.w.org\/{rel}","templated":true}]}}