{"id":749,"date":"2025-11-27T23:01:01","date_gmt":"2025-11-27T22:01:01","guid":{"rendered":"https:\/\/lalka.boutique\/index.php\/product\/emulsion-gel-biosensible\/"},"modified":"2025-11-27T23:01:01","modified_gmt":"2025-11-27T22:01:01","slug":"emulsion-gel-biosensible","status":"publish","type":"product","link":"https:\/\/lalka.boutique\/index.php\/product\/emulsion-gel-biosensible\/","title":{"rendered":"Emulsion Gel Biosensible"},"content":{"rendered":"","protected":false},"excerpt":{"rendered":"<p>Emulsion Gel Biosensible to intensywnie koj\u0105cy krem, kt\u00f3ry odbudowuje i \u0142agodzi wra\u017cliw\u0105 sk\u00f3r\u0119. Reaktywno\u015b\u0107 jest zmniejszona, a uczucie \u015bci\u0105gni\u0119cia zredukowane. Sk\u00f3ra staje si\u0119 ukojona i mniej szorstka, a uczucie pieczenia zminimalizowane.<\/p>\n","protected":false},"featured_media":748,"template":"","meta":[],"product_brand":[],"product_cat":[15],"product_tag":[],"class_list":{"0":"post-749","1":"product","2":"type-product","3":"status-publish","4":"has-post-thumbnail","6":"product_cat-uncategorized","8":"first","9":"instock","10":"shipping-taxable","11":"purchasable","12":"product-type-simple"},"_links":{"self":[{"href":"https:\/\/lalka.boutique\/index.php\/wp-json\/wp\/v2\/product\/749","targetHints":{"allow":["GET"]}}],"collection":[{"href":"https:\/\/lalka.boutique\/index.php\/wp-json\/wp\/v2\/product"}],"about":[{"href":"https:\/\/lalka.boutique\/index.php\/wp-json\/wp\/v2\/types\/product"}],"wp:featuredmedia":[{"embeddable":true,"href":"https:\/\/lalka.boutique\/index.php\/wp-json\/wp\/v2\/media\/748"}],"wp:attachment":[{"href":"https:\/\/lalka.boutique\/index.php\/wp-json\/wp\/v2\/media?parent=749"}],"wp:term":[{"taxonomy":"product_brand","embeddable":true,"href":"https:\/\/lalka.boutique\/index.php\/wp-json\/wp\/v2\/product_brand?post=749"},{"taxonomy":"product_cat","embeddable":true,"href":"https:\/\/lalka.boutique\/index.php\/wp-json\/wp\/v2\/product_cat?post=749"},{"taxonomy":"product_tag","embeddable":true,"href":"https:\/\/lalka.boutique\/index.php\/wp-json\/wp\/v2\/product_tag?post=749"}],"curies":[{"name":"wp","href":"https:\/\/api.w.org\/{rel}","templated":true}]}}