{"id":751,"date":"2025-11-27T23:01:01","date_gmt":"2025-11-27T22:01:01","guid":{"rendered":"https:\/\/lalka.boutique\/index.php\/product\/emulsion-gel-biosensible-s-r\/"},"modified":"2025-11-27T23:01:01","modified_gmt":"2025-11-27T22:01:01","slug":"emulsion-gel-biosensible-s-r","status":"publish","type":"product","link":"https:\/\/lalka.boutique\/index.php\/product\/emulsion-gel-biosensible-s-r\/","title":{"rendered":"Emulsion Gel Biosensible S.r."},"content":{"rendered":"","protected":false},"excerpt":{"rendered":"<p>Emulsion Gel Biosensible S.R. natychmiast przywraca komfort i wyg\u0142adza sk\u00f3r\u0119. Posiada dwukierunkowe dzia\u0142anie: redukuje wra\u017cliwo\u015b\u0107 sk\u00f3ry oraz dzia\u0142a seboreguluj\u0105co. Ten lekki \u017cel nie zatyka por\u00f3w i matowi cer\u0119.<\/p>\n","protected":false},"featured_media":750,"template":"","meta":[],"product_brand":[],"product_cat":[15],"product_tag":[],"class_list":{"0":"post-751","1":"product","2":"type-product","3":"status-publish","4":"has-post-thumbnail","6":"product_cat-uncategorized","8":"first","9":"instock","10":"shipping-taxable","11":"purchasable","12":"product-type-simple"},"_links":{"self":[{"href":"https:\/\/lalka.boutique\/index.php\/wp-json\/wp\/v2\/product\/751","targetHints":{"allow":["GET"]}}],"collection":[{"href":"https:\/\/lalka.boutique\/index.php\/wp-json\/wp\/v2\/product"}],"about":[{"href":"https:\/\/lalka.boutique\/index.php\/wp-json\/wp\/v2\/types\/product"}],"wp:featuredmedia":[{"embeddable":true,"href":"https:\/\/lalka.boutique\/index.php\/wp-json\/wp\/v2\/media\/750"}],"wp:attachment":[{"href":"https:\/\/lalka.boutique\/index.php\/wp-json\/wp\/v2\/media?parent=751"}],"wp:term":[{"taxonomy":"product_brand","embeddable":true,"href":"https:\/\/lalka.boutique\/index.php\/wp-json\/wp\/v2\/product_brand?post=751"},{"taxonomy":"product_cat","embeddable":true,"href":"https:\/\/lalka.boutique\/index.php\/wp-json\/wp\/v2\/product_cat?post=751"},{"taxonomy":"product_tag","embeddable":true,"href":"https:\/\/lalka.boutique\/index.php\/wp-json\/wp\/v2\/product_tag?post=751"}],"curies":[{"name":"wp","href":"https:\/\/api.w.org\/{rel}","templated":true}]}}