{"id":753,"date":"2025-11-27T23:01:02","date_gmt":"2025-11-27T22:01:02","guid":{"rendered":"https:\/\/lalka.boutique\/index.php\/product\/emulsion-mains-pigm-400\/"},"modified":"2025-11-27T23:01:02","modified_gmt":"2025-11-27T22:01:02","slug":"emulsion-mains-pigm-400","status":"publish","type":"product","link":"https:\/\/lalka.boutique\/index.php\/product\/emulsion-mains-pigm-400\/","title":{"rendered":"Emulsion Mains Pigm 400"},"content":{"rendered":"","protected":false},"excerpt":{"rendered":"<p>Emulsion Mains PIGM 400 natychmiast ujednolica koloryt sk\u00f3ry, redukuje i rozja\u015bnia plamy starcze oraz zapobiega pojawianiu si\u0119 nowych. Regeneruje, odbudowuje zniszczon\u0105 sk\u00f3r\u0119 d\u0142oni, a tak\u017ce zabezpiecza j\u0105 przed czynnikami zewn\u0119trznymi (zimno, wiatr, s\u0142o\u0144ce). G\u0142\u0119boko nawil\u017ca, przywraca natychmiastowe uczucie komfortu, kt\u00f3re trwa ca\u0142y dzie\u0144.<\/p>\n","protected":false},"featured_media":752,"template":"","meta":[],"product_brand":[],"product_cat":[15],"product_tag":[],"class_list":{"0":"post-753","1":"product","2":"type-product","3":"status-publish","4":"has-post-thumbnail","6":"product_cat-uncategorized","8":"first","9":"instock","10":"shipping-taxable","11":"purchasable","12":"product-type-simple"},"_links":{"self":[{"href":"https:\/\/lalka.boutique\/index.php\/wp-json\/wp\/v2\/product\/753","targetHints":{"allow":["GET"]}}],"collection":[{"href":"https:\/\/lalka.boutique\/index.php\/wp-json\/wp\/v2\/product"}],"about":[{"href":"https:\/\/lalka.boutique\/index.php\/wp-json\/wp\/v2\/types\/product"}],"wp:featuredmedia":[{"embeddable":true,"href":"https:\/\/lalka.boutique\/index.php\/wp-json\/wp\/v2\/media\/752"}],"wp:attachment":[{"href":"https:\/\/lalka.boutique\/index.php\/wp-json\/wp\/v2\/media?parent=753"}],"wp:term":[{"taxonomy":"product_brand","embeddable":true,"href":"https:\/\/lalka.boutique\/index.php\/wp-json\/wp\/v2\/product_brand?post=753"},{"taxonomy":"product_cat","embeddable":true,"href":"https:\/\/lalka.boutique\/index.php\/wp-json\/wp\/v2\/product_cat?post=753"},{"taxonomy":"product_tag","embeddable":true,"href":"https:\/\/lalka.boutique\/index.php\/wp-json\/wp\/v2\/product_tag?post=753"}],"curies":[{"name":"wp","href":"https:\/\/api.w.org\/{rel}","templated":true}]}}