{"id":755,"date":"2025-11-27T23:01:02","date_gmt":"2025-11-27T22:01:02","guid":{"rendered":"https:\/\/lalka.boutique\/index.php\/product\/emulsion-originelle-regenerante\/"},"modified":"2025-11-27T23:01:02","modified_gmt":"2025-11-27T22:01:02","slug":"emulsion-originelle-regenerante","status":"publish","type":"product","link":"https:\/\/lalka.boutique\/index.php\/product\/emulsion-originelle-regenerante\/","title":{"rendered":"Emulsion Originelle Regenerante"},"content":{"rendered":"","protected":false},"excerpt":{"rendered":"<p>Emulsion Originelle R\u00e9g\u00e9n\u00e9rante to bogaty i koj\u0105cy krem do twarzy. Bogaty w olej makadamia i ro\u015blinny skwalan, odbudowuje naturaln\u0105 barier\u0119 hydrolipidow\u0105 sk\u00f3ry, chroni\u0105c j\u0105 jednocze\u015bnie przed szkodliwym dzia\u0142aniem czynnik\u00f3w \u015brodowiskowych. Sk\u00f3ra staje si\u0119 g\u0142adka i odzyskuje sw\u00f3j naturalny blask.<\/p>\n","protected":false},"featured_media":754,"template":"","meta":[],"product_brand":[],"product_cat":[15],"product_tag":[],"class_list":{"0":"post-755","1":"product","2":"type-product","3":"status-publish","4":"has-post-thumbnail","6":"product_cat-uncategorized","8":"first","9":"instock","10":"shipping-taxable","11":"purchasable","12":"product-type-simple"},"_links":{"self":[{"href":"https:\/\/lalka.boutique\/index.php\/wp-json\/wp\/v2\/product\/755","targetHints":{"allow":["GET"]}}],"collection":[{"href":"https:\/\/lalka.boutique\/index.php\/wp-json\/wp\/v2\/product"}],"about":[{"href":"https:\/\/lalka.boutique\/index.php\/wp-json\/wp\/v2\/types\/product"}],"wp:featuredmedia":[{"embeddable":true,"href":"https:\/\/lalka.boutique\/index.php\/wp-json\/wp\/v2\/media\/754"}],"wp:attachment":[{"href":"https:\/\/lalka.boutique\/index.php\/wp-json\/wp\/v2\/media?parent=755"}],"wp:term":[{"taxonomy":"product_brand","embeddable":true,"href":"https:\/\/lalka.boutique\/index.php\/wp-json\/wp\/v2\/product_brand?post=755"},{"taxonomy":"product_cat","embeddable":true,"href":"https:\/\/lalka.boutique\/index.php\/wp-json\/wp\/v2\/product_cat?post=755"},{"taxonomy":"product_tag","embeddable":true,"href":"https:\/\/lalka.boutique\/index.php\/wp-json\/wp\/v2\/product_tag?post=755"}],"curies":[{"name":"wp","href":"https:\/\/api.w.org\/{rel}","templated":true}]}}