{"id":757,"date":"2025-11-27T23:01:05","date_gmt":"2025-11-27T22:01:05","guid":{"rendered":"https:\/\/lalka.boutique\/index.php\/product\/emulsion-originelle-regenerante-corps\/"},"modified":"2025-11-27T23:01:05","modified_gmt":"2025-11-27T22:01:05","slug":"emulsion-originelle-regenerante-corps","status":"publish","type":"product","link":"https:\/\/lalka.boutique\/index.php\/product\/emulsion-originelle-regenerante-corps\/","title":{"rendered":"Emulsion Originelle Regenerante Corps"},"content":{"rendered":"","protected":false},"excerpt":{"rendered":"<p>Emulsion Originelle R\u00e9g\u00e9n\u00e9rante Corps regeneruje sk\u00f3r\u0119, pozostawiaj\u0105c j\u0105 od\u017cywion\u0105 i chronion\u0105. Przywraca elastyczno\u015b\u0107 oraz mi\u0119kko\u015b\u0107. \u0141agodzi podra\u017cnion\u0105 sk\u00f3r\u0119 i g\u0142\u0119boko j\u0105 nawil\u017ca. Chroni przed trudnymi warunkami atmosferycznymi, doskonale sprawdza si\u0119 zim\u0105, a tak\u017ce jako kuracja regeneruj\u0105ca po lecie.<\/p>\n","protected":false},"featured_media":756,"template":"","meta":[],"product_brand":[],"product_cat":[15],"product_tag":[],"class_list":{"0":"post-757","1":"product","2":"type-product","3":"status-publish","4":"has-post-thumbnail","6":"product_cat-uncategorized","8":"first","9":"instock","10":"shipping-taxable","11":"purchasable","12":"product-type-simple"},"_links":{"self":[{"href":"https:\/\/lalka.boutique\/index.php\/wp-json\/wp\/v2\/product\/757","targetHints":{"allow":["GET"]}}],"collection":[{"href":"https:\/\/lalka.boutique\/index.php\/wp-json\/wp\/v2\/product"}],"about":[{"href":"https:\/\/lalka.boutique\/index.php\/wp-json\/wp\/v2\/types\/product"}],"wp:featuredmedia":[{"embeddable":true,"href":"https:\/\/lalka.boutique\/index.php\/wp-json\/wp\/v2\/media\/756"}],"wp:attachment":[{"href":"https:\/\/lalka.boutique\/index.php\/wp-json\/wp\/v2\/media?parent=757"}],"wp:term":[{"taxonomy":"product_brand","embeddable":true,"href":"https:\/\/lalka.boutique\/index.php\/wp-json\/wp\/v2\/product_brand?post=757"},{"taxonomy":"product_cat","embeddable":true,"href":"https:\/\/lalka.boutique\/index.php\/wp-json\/wp\/v2\/product_cat?post=757"},{"taxonomy":"product_tag","embeddable":true,"href":"https:\/\/lalka.boutique\/index.php\/wp-json\/wp\/v2\/product_tag?post=757"}],"curies":[{"name":"wp","href":"https:\/\/api.w.org\/{rel}","templated":true}]}}