{"id":759,"date":"2025-11-27T23:01:07","date_gmt":"2025-11-27T22:01:07","guid":{"rendered":"https:\/\/lalka.boutique\/index.php\/product\/extraits-tissulaires\/"},"modified":"2025-11-27T23:01:07","modified_gmt":"2025-11-27T22:01:07","slug":"extraits-tissulaires","status":"publish","type":"product","link":"https:\/\/lalka.boutique\/index.php\/product\/extraits-tissulaires\/","title":{"rendered":"Extraits Tissulaires"},"content":{"rendered":"","protected":false},"excerpt":{"rendered":"<p>Serum Extraits Tissulaires nawil\u017ca sk\u00f3r\u0119 i zapobiega jej ponownemu \u00a0odwodnieniu. Po\u0142\u0105czone dzia\u0142anie jego aktywnych sk\u0142adnik\u00f3w spowolnia przeznask\u00f3rkow\u0105 utrat\u0119 wody i wzmocnia barier\u0119 hydrolipidow\u0105, dzi\u0119ki czemu przywr\u00f3cone zostaj\u0105 naturalne mechanizmy nawil\u017cania. Jako\u015b\u0107 sk\u00f3ry ulega wyra\u017anej poprawie. Sk\u00f3ra prawid\u0142owo funkcjonuje i jest chroniona przed niekorzystnymi warunkami \u015brodowiskowymi.<\/p>\n","protected":false},"featured_media":758,"template":"","meta":[],"product_brand":[],"product_cat":[15],"product_tag":[],"class_list":{"0":"post-759","1":"product","2":"type-product","3":"status-publish","4":"has-post-thumbnail","6":"product_cat-uncategorized","8":"first","9":"instock","10":"shipping-taxable","11":"purchasable","12":"product-type-simple"},"_links":{"self":[{"href":"https:\/\/lalka.boutique\/index.php\/wp-json\/wp\/v2\/product\/759","targetHints":{"allow":["GET"]}}],"collection":[{"href":"https:\/\/lalka.boutique\/index.php\/wp-json\/wp\/v2\/product"}],"about":[{"href":"https:\/\/lalka.boutique\/index.php\/wp-json\/wp\/v2\/types\/product"}],"wp:featuredmedia":[{"embeddable":true,"href":"https:\/\/lalka.boutique\/index.php\/wp-json\/wp\/v2\/media\/758"}],"wp:attachment":[{"href":"https:\/\/lalka.boutique\/index.php\/wp-json\/wp\/v2\/media?parent=759"}],"wp:term":[{"taxonomy":"product_brand","embeddable":true,"href":"https:\/\/lalka.boutique\/index.php\/wp-json\/wp\/v2\/product_brand?post=759"},{"taxonomy":"product_cat","embeddable":true,"href":"https:\/\/lalka.boutique\/index.php\/wp-json\/wp\/v2\/product_cat?post=759"},{"taxonomy":"product_tag","embeddable":true,"href":"https:\/\/lalka.boutique\/index.php\/wp-json\/wp\/v2\/product_tag?post=759"}],"curies":[{"name":"wp","href":"https:\/\/api.w.org\/{rel}","templated":true}]}}