{"id":761,"date":"2025-11-27T23:01:15","date_gmt":"2025-11-27T22:01:15","guid":{"rendered":"https:\/\/lalka.boutique\/index.php\/product\/eye-care-concealer-n1\/"},"modified":"2025-11-27T23:01:15","modified_gmt":"2025-11-27T22:01:15","slug":"eye-care-concealer-n1","status":"publish","type":"product","link":"https:\/\/lalka.boutique\/index.php\/product\/eye-care-concealer-n1\/","title":{"rendered":"Eye Care Concealer N\u00b01"},"content":{"rendered":"","protected":false},"excerpt":{"rendered":"<p>Eye Care Concealer to koloryzuj\u0105cy korektor pod oczy 2 w 1, kt\u00f3ry w widoczny spos\u00f3b redukuje oznaki zm\u0119czenia. Jego formu\u0142a bogata jest w sk\u0142adniki aktywne zmniejszaj\u0105ce cienie i obrz\u0119ki pod oczami. Kosmetyk ma dzia\u0142anie wype\u0142niaj\u0105ce i wyg\u0142adzaj\u0105ce. Nie gromadzi si\u0119 w drobnych liniach i zmarszczkach. \u00a0Dzie\u0144 po dniu pigmenty odpowiedzialne za kolor cieni s\u0105 redukowane, okolica oka wygl\u0105da na bardziej promienn\u0105 i wypocz\u0119t\u0105. D\u0142ugotrwa\u0142a, p\u0142ynna formu\u0142a stapia si\u0119 ze sk\u00f3r\u0105, zapewniaj\u0105c nieskazitelne i naturalne wyko\u0144czenie.<\/p>\n","protected":false},"featured_media":760,"template":"","meta":[],"product_brand":[],"product_cat":[15],"product_tag":[],"class_list":{"0":"post-761","1":"product","2":"type-product","3":"status-publish","4":"has-post-thumbnail","6":"product_cat-uncategorized","8":"first","9":"instock","10":"shipping-taxable","11":"purchasable","12":"product-type-simple"},"_links":{"self":[{"href":"https:\/\/lalka.boutique\/index.php\/wp-json\/wp\/v2\/product\/761","targetHints":{"allow":["GET"]}}],"collection":[{"href":"https:\/\/lalka.boutique\/index.php\/wp-json\/wp\/v2\/product"}],"about":[{"href":"https:\/\/lalka.boutique\/index.php\/wp-json\/wp\/v2\/types\/product"}],"wp:featuredmedia":[{"embeddable":true,"href":"https:\/\/lalka.boutique\/index.php\/wp-json\/wp\/v2\/media\/760"}],"wp:attachment":[{"href":"https:\/\/lalka.boutique\/index.php\/wp-json\/wp\/v2\/media?parent=761"}],"wp:term":[{"taxonomy":"product_brand","embeddable":true,"href":"https:\/\/lalka.boutique\/index.php\/wp-json\/wp\/v2\/product_brand?post=761"},{"taxonomy":"product_cat","embeddable":true,"href":"https:\/\/lalka.boutique\/index.php\/wp-json\/wp\/v2\/product_cat?post=761"},{"taxonomy":"product_tag","embeddable":true,"href":"https:\/\/lalka.boutique\/index.php\/wp-json\/wp\/v2\/product_tag?post=761"}],"curies":[{"name":"wp","href":"https:\/\/api.w.org\/{rel}","templated":true}]}}