{"id":769,"date":"2025-11-27T23:02:00","date_gmt":"2025-11-27T22:02:00","guid":{"rendered":"https:\/\/lalka.boutique\/index.php\/product\/gant-de-massage-visage\/"},"modified":"2025-11-27T23:02:00","modified_gmt":"2025-11-27T22:02:00","slug":"gant-de-massage-visage","status":"publish","type":"product","link":"https:\/\/lalka.boutique\/index.php\/product\/gant-de-massage-visage\/","title":{"rendered":"Gant De Massage Visage"},"content":{"rendered":"","protected":false},"excerpt":{"rendered":"<p>Dwustronna, silikonowa r\u0119kawica do masa\u017cu twarzy wzmacnia dzia\u0142anie produkt\u00f3w Biologique Recherche, zapewniaj\u0105c jeszcze szybciej widoczne efekty. Mo\u017ce by\u0107 stosowana zar\u00f3wno podczas demakija\u017cu jak i do wspomagania dzia\u0142ania maski lub kremu. Zaprojektowana zosta\u0142a z uwzgl\u0119dnieniem struktury sk\u00f3ry. Masa\u017c wykonujemy stron\u0105 z grubszymi wypustkami, aby wspom\u00f3c wnikanie sk\u0142adnik\u00f3w aktywnych w sk\u00f3r\u0119. Strona r\u0119kawicy z ma\u0142ymi wypustkami mo\u017ce s\u0142u\u017cy\u0107 do masa\u017cu rozst\u0119p\u00f3w na ciele. Ten produkt jest uwa\u017cany za produkt higieniczny i dlatego nie mo\u017ce zosta\u0107 zwr\u00f3cony.<\/p>\n","protected":false},"featured_media":768,"template":"","meta":[],"product_brand":[],"product_cat":[15],"product_tag":[],"class_list":{"0":"post-769","1":"product","2":"type-product","3":"status-publish","4":"has-post-thumbnail","6":"product_cat-uncategorized","8":"first","9":"instock","10":"shipping-taxable","11":"purchasable","12":"product-type-simple"},"_links":{"self":[{"href":"https:\/\/lalka.boutique\/index.php\/wp-json\/wp\/v2\/product\/769","targetHints":{"allow":["GET"]}}],"collection":[{"href":"https:\/\/lalka.boutique\/index.php\/wp-json\/wp\/v2\/product"}],"about":[{"href":"https:\/\/lalka.boutique\/index.php\/wp-json\/wp\/v2\/types\/product"}],"wp:featuredmedia":[{"embeddable":true,"href":"https:\/\/lalka.boutique\/index.php\/wp-json\/wp\/v2\/media\/768"}],"wp:attachment":[{"href":"https:\/\/lalka.boutique\/index.php\/wp-json\/wp\/v2\/media?parent=769"}],"wp:term":[{"taxonomy":"product_brand","embeddable":true,"href":"https:\/\/lalka.boutique\/index.php\/wp-json\/wp\/v2\/product_brand?post=769"},{"taxonomy":"product_cat","embeddable":true,"href":"https:\/\/lalka.boutique\/index.php\/wp-json\/wp\/v2\/product_cat?post=769"},{"taxonomy":"product_tag","embeddable":true,"href":"https:\/\/lalka.boutique\/index.php\/wp-json\/wp\/v2\/product_tag?post=769"}],"curies":[{"name":"wp","href":"https:\/\/api.w.org\/{rel}","templated":true}]}}