{"id":771,"date":"2025-11-27T23:02:01","date_gmt":"2025-11-27T22:02:01","guid":{"rendered":"https:\/\/lalka.boutique\/index.php\/product\/gel-adn-silkgen\/"},"modified":"2025-11-27T23:02:01","modified_gmt":"2025-11-27T22:02:01","slug":"gel-adn-silkgen","status":"publish","type":"product","link":"https:\/\/lalka.boutique\/index.php\/product\/gel-adn-silkgen\/","title":{"rendered":"Gel Adn Silkgen"},"content":{"rendered":"","protected":false},"excerpt":{"rendered":"<p>Gel ADN Silkgen to nawil\u017caj\u0105cy \u017cel bogaty w antyoksydanty. Jego formu\u0142a zawiera DNA ro\u015blinne i wyci\u0105g z jedwabiu. Zapewnia optymalny poziom nawodnienia sk\u00f3ry. Pozostawia j\u0105 jedwabi\u015bcie g\u0142adk\u0105 i pe\u0142n\u0105 blasku.<\/p>\n","protected":false},"featured_media":770,"template":"","meta":[],"product_brand":[],"product_cat":[15],"product_tag":[],"class_list":{"0":"post-771","1":"product","2":"type-product","3":"status-publish","4":"has-post-thumbnail","6":"product_cat-uncategorized","8":"first","9":"instock","10":"shipping-taxable","11":"purchasable","12":"product-type-simple"},"_links":{"self":[{"href":"https:\/\/lalka.boutique\/index.php\/wp-json\/wp\/v2\/product\/771","targetHints":{"allow":["GET"]}}],"collection":[{"href":"https:\/\/lalka.boutique\/index.php\/wp-json\/wp\/v2\/product"}],"about":[{"href":"https:\/\/lalka.boutique\/index.php\/wp-json\/wp\/v2\/types\/product"}],"wp:featuredmedia":[{"embeddable":true,"href":"https:\/\/lalka.boutique\/index.php\/wp-json\/wp\/v2\/media\/770"}],"wp:attachment":[{"href":"https:\/\/lalka.boutique\/index.php\/wp-json\/wp\/v2\/media?parent=771"}],"wp:term":[{"taxonomy":"product_brand","embeddable":true,"href":"https:\/\/lalka.boutique\/index.php\/wp-json\/wp\/v2\/product_brand?post=771"},{"taxonomy":"product_cat","embeddable":true,"href":"https:\/\/lalka.boutique\/index.php\/wp-json\/wp\/v2\/product_cat?post=771"},{"taxonomy":"product_tag","embeddable":true,"href":"https:\/\/lalka.boutique\/index.php\/wp-json\/wp\/v2\/product_tag?post=771"}],"curies":[{"name":"wp","href":"https:\/\/api.w.org\/{rel}","templated":true}]}}