{"id":773,"date":"2025-11-27T23:02:03","date_gmt":"2025-11-27T22:02:03","guid":{"rendered":"https:\/\/lalka.boutique\/index.php\/product\/gommage-p50-corps\/"},"modified":"2025-11-27T23:02:04","modified_gmt":"2025-11-27T22:02:04","slug":"gommage-p50-corps","status":"publish","type":"product","link":"https:\/\/lalka.boutique\/index.php\/product\/gommage-p50-corps\/","title":{"rendered":"Gommage P50 Corps"},"content":{"rendered":"","protected":false},"excerpt":{"rendered":"<p>Gommage P50 Corps zapewnia intensywne chemiczne i mechaniczne z\u0142uszczanie w miejscach, gdzie sk\u00f3ra jest najgrubsza i najbardziej szorstka, stymuluj\u0105c odnow\u0119 kom\u00f3rkow\u0105. Idealny do piel\u0119gnacji sk\u00f3ry po zako\u0144czeniu lata i przed rozpocz\u0119ciem kuracji odchudzaj\u0105cej.<\/p>\n","protected":false},"featured_media":772,"template":"","meta":[],"product_brand":[],"product_cat":[15],"product_tag":[],"class_list":{"0":"post-773","1":"product","2":"type-product","3":"status-publish","4":"has-post-thumbnail","6":"product_cat-uncategorized","8":"first","9":"instock","10":"shipping-taxable","11":"purchasable","12":"product-type-simple"},"_links":{"self":[{"href":"https:\/\/lalka.boutique\/index.php\/wp-json\/wp\/v2\/product\/773","targetHints":{"allow":["GET"]}}],"collection":[{"href":"https:\/\/lalka.boutique\/index.php\/wp-json\/wp\/v2\/product"}],"about":[{"href":"https:\/\/lalka.boutique\/index.php\/wp-json\/wp\/v2\/types\/product"}],"wp:featuredmedia":[{"embeddable":true,"href":"https:\/\/lalka.boutique\/index.php\/wp-json\/wp\/v2\/media\/772"}],"wp:attachment":[{"href":"https:\/\/lalka.boutique\/index.php\/wp-json\/wp\/v2\/media?parent=773"}],"wp:term":[{"taxonomy":"product_brand","embeddable":true,"href":"https:\/\/lalka.boutique\/index.php\/wp-json\/wp\/v2\/product_brand?post=773"},{"taxonomy":"product_cat","embeddable":true,"href":"https:\/\/lalka.boutique\/index.php\/wp-json\/wp\/v2\/product_cat?post=773"},{"taxonomy":"product_tag","embeddable":true,"href":"https:\/\/lalka.boutique\/index.php\/wp-json\/wp\/v2\/product_tag?post=773"}],"curies":[{"name":"wp","href":"https:\/\/api.w.org\/{rel}","templated":true}]}}