{"id":775,"date":"2025-11-27T23:02:06","date_gmt":"2025-11-27T22:02:06","guid":{"rendered":"https:\/\/lalka.boutique\/index.php\/product\/huile-dermotonique\/"},"modified":"2025-11-27T23:02:06","modified_gmt":"2025-11-27T22:02:06","slug":"huile-dermotonique","status":"publish","type":"product","link":"https:\/\/lalka.boutique\/index.php\/product\/huile-dermotonique\/","title":{"rendered":"Huile Dermotonique"},"content":{"rendered":"","protected":false},"excerpt":{"rendered":"<p>Huile Dermotonique uj\u0119drnia sk\u00f3r\u0119, r\u00f3wnie\u017c po gwa\u0142townej utracie wagi. Poprawia napi\u0119cie i rewitalizuje. Sk\u00f3ra staje si\u0119 g\u0142adka oraz widocznie uj\u0119drniona.<\/p>\n","protected":false},"featured_media":774,"template":"","meta":[],"product_brand":[],"product_cat":[15],"product_tag":[],"class_list":{"0":"post-775","1":"product","2":"type-product","3":"status-publish","4":"has-post-thumbnail","6":"product_cat-uncategorized","8":"first","9":"instock","10":"shipping-taxable","11":"purchasable","12":"product-type-simple"},"_links":{"self":[{"href":"https:\/\/lalka.boutique\/index.php\/wp-json\/wp\/v2\/product\/775","targetHints":{"allow":["GET"]}}],"collection":[{"href":"https:\/\/lalka.boutique\/index.php\/wp-json\/wp\/v2\/product"}],"about":[{"href":"https:\/\/lalka.boutique\/index.php\/wp-json\/wp\/v2\/types\/product"}],"wp:featuredmedia":[{"embeddable":true,"href":"https:\/\/lalka.boutique\/index.php\/wp-json\/wp\/v2\/media\/774"}],"wp:attachment":[{"href":"https:\/\/lalka.boutique\/index.php\/wp-json\/wp\/v2\/media?parent=775"}],"wp:term":[{"taxonomy":"product_brand","embeddable":true,"href":"https:\/\/lalka.boutique\/index.php\/wp-json\/wp\/v2\/product_brand?post=775"},{"taxonomy":"product_cat","embeddable":true,"href":"https:\/\/lalka.boutique\/index.php\/wp-json\/wp\/v2\/product_cat?post=775"},{"taxonomy":"product_tag","embeddable":true,"href":"https:\/\/lalka.boutique\/index.php\/wp-json\/wp\/v2\/product_tag?post=775"}],"curies":[{"name":"wp","href":"https:\/\/api.w.org\/{rel}","templated":true}]}}