{"id":777,"date":"2025-11-27T23:02:06","date_gmt":"2025-11-27T22:02:06","guid":{"rendered":"https:\/\/lalka.boutique\/index.php\/product\/huile-fondamentale\/"},"modified":"2025-11-27T23:02:06","modified_gmt":"2025-11-27T22:02:06","slug":"huile-fondamentale","status":"publish","type":"product","link":"https:\/\/lalka.boutique\/index.php\/product\/huile-fondamentale\/","title":{"rendered":"Huile Fondamentale"},"content":{"rendered":"","protected":false},"excerpt":{"rendered":"<p>Innowacyjny Huile Fondamentale \u0142\u0105czy w sobie 6 czystych olejk\u00f3w ro\u015blinnych znanych ze swoich w\u0142a\u015bciwo\u015bci przeciwutleniaj\u0105cych, nawil\u017caj\u0105cych i regeneruj\u0105cych. Jego formu\u0142a bogata w niezb\u0119dne nienasycone kwasy t\u0142uszczowe (omega 3, 6, 7 i 9) sprawia, \u017ce jest to doskona\u0142y produkt piel\u0119gnacyjny, kt\u00f3ry pozwala zachowa\u0107 optymalny poziom lipid\u00f3w, poprawia jako\u015b\u0107 sk\u00f3ry oraz wzmacnia suche, \u0142amliwe w\u0142osy. Olejek pozostawia na sk\u00f3rze subtelny i delikatny zapach dzi\u0119ki po\u0142\u0105czeniu olejk\u00f3w eterycznych z paczuli i kory drzewa amyris. Jest to produkt, kt\u00f3ry mog\u0105 stosowa\u0107 kobiety w ci\u0105\u017cy. Olejek nie pozostawia t\u0142ustego filmu. Po jego zastosowaniu sk\u00f3ra jest intensywnie od\u017cywiona, a w\u0142osy odzyskuj\u0105 blask, spr\u0119\u017cysto\u015b\u0107 i mi\u0119kko\u015b\u0107.<\/p>\n","protected":false},"featured_media":776,"template":"","meta":[],"product_brand":[],"product_cat":[15],"product_tag":[],"class_list":{"0":"post-777","1":"product","2":"type-product","3":"status-publish","4":"has-post-thumbnail","6":"product_cat-uncategorized","8":"first","9":"instock","10":"shipping-taxable","11":"purchasable","12":"product-type-simple"},"_links":{"self":[{"href":"https:\/\/lalka.boutique\/index.php\/wp-json\/wp\/v2\/product\/777","targetHints":{"allow":["GET"]}}],"collection":[{"href":"https:\/\/lalka.boutique\/index.php\/wp-json\/wp\/v2\/product"}],"about":[{"href":"https:\/\/lalka.boutique\/index.php\/wp-json\/wp\/v2\/types\/product"}],"wp:featuredmedia":[{"embeddable":true,"href":"https:\/\/lalka.boutique\/index.php\/wp-json\/wp\/v2\/media\/776"}],"wp:attachment":[{"href":"https:\/\/lalka.boutique\/index.php\/wp-json\/wp\/v2\/media?parent=777"}],"wp:term":[{"taxonomy":"product_brand","embeddable":true,"href":"https:\/\/lalka.boutique\/index.php\/wp-json\/wp\/v2\/product_brand?post=777"},{"taxonomy":"product_cat","embeddable":true,"href":"https:\/\/lalka.boutique\/index.php\/wp-json\/wp\/v2\/product_cat?post=777"},{"taxonomy":"product_tag","embeddable":true,"href":"https:\/\/lalka.boutique\/index.php\/wp-json\/wp\/v2\/product_tag?post=777"}],"curies":[{"name":"wp","href":"https:\/\/api.w.org\/{rel}","templated":true}]}}