{"id":779,"date":"2025-11-27T23:02:07","date_gmt":"2025-11-27T22:02:07","guid":{"rendered":"https:\/\/lalka.boutique\/index.php\/product\/huile-sous-ombilicale\/"},"modified":"2025-11-27T23:02:07","modified_gmt":"2025-11-27T22:02:07","slug":"huile-sous-ombilicale","status":"publish","type":"product","link":"https:\/\/lalka.boutique\/index.php\/product\/huile-sous-ombilicale\/","title":{"rendered":"Huile Sous-ombilicale"},"content":{"rendered":"","protected":false},"excerpt":{"rendered":"<p>Huile Sous-Ombilicale wykazuje dzia\u0142anie detoksykuj\u0105ce i od\u017cywcze. Polecany przy problemach trawiennych i sk\u0142onno\u015bci do obrz\u0119k\u00f3w.<\/p>\n","protected":false},"featured_media":778,"template":"","meta":[],"product_brand":[],"product_cat":[15],"product_tag":[],"class_list":{"0":"post-779","1":"product","2":"type-product","3":"status-publish","4":"has-post-thumbnail","6":"product_cat-uncategorized","8":"first","9":"instock","10":"shipping-taxable","11":"purchasable","12":"product-type-simple"},"_links":{"self":[{"href":"https:\/\/lalka.boutique\/index.php\/wp-json\/wp\/v2\/product\/779","targetHints":{"allow":["GET"]}}],"collection":[{"href":"https:\/\/lalka.boutique\/index.php\/wp-json\/wp\/v2\/product"}],"about":[{"href":"https:\/\/lalka.boutique\/index.php\/wp-json\/wp\/v2\/types\/product"}],"wp:featuredmedia":[{"embeddable":true,"href":"https:\/\/lalka.boutique\/index.php\/wp-json\/wp\/v2\/media\/778"}],"wp:attachment":[{"href":"https:\/\/lalka.boutique\/index.php\/wp-json\/wp\/v2\/media?parent=779"}],"wp:term":[{"taxonomy":"product_brand","embeddable":true,"href":"https:\/\/lalka.boutique\/index.php\/wp-json\/wp\/v2\/product_brand?post=779"},{"taxonomy":"product_cat","embeddable":true,"href":"https:\/\/lalka.boutique\/index.php\/wp-json\/wp\/v2\/product_cat?post=779"},{"taxonomy":"product_tag","embeddable":true,"href":"https:\/\/lalka.boutique\/index.php\/wp-json\/wp\/v2\/product_tag?post=779"}],"curies":[{"name":"wp","href":"https:\/\/api.w.org\/{rel}","templated":true}]}}