{"id":781,"date":"2025-11-27T23:02:07","date_gmt":"2025-11-27T22:02:07","guid":{"rendered":"https:\/\/lalka.boutique\/index.php\/product\/iso-placenta\/"},"modified":"2025-11-27T23:02:07","modified_gmt":"2025-11-27T22:02:07","slug":"iso-placenta","status":"publish","type":"product","link":"https:\/\/lalka.boutique\/index.php\/product\/iso-placenta\/","title":{"rendered":"Iso-placenta"},"content":{"rendered":"","protected":false},"excerpt":{"rendered":"<p>Iso-Placenta to serum odnawiaj\u0105ce, kt\u00f3re intensywnie odbudowuje sk\u00f3r\u0119 zniszczon\u0105 przez tr\u0105dzik. Redukuje istniej\u0105ce blizny i przebarwienia pozapalne, jednocze\u015bnie poprawiaj\u0105c kondycj\u0119 i jako\u015b\u0107 sk\u00f3ry. Unikalne po\u0142\u0105czenie 3 sk\u0142adnik\u00f3w aktywnych stymuluje naturalny proces gojenia sk\u00f3ry. Baz\u0119 formu\u0142y stanowi Placenta Biomimetyczna, kt\u00f3ra na\u015bladuje budow\u0105 sk\u0142ad placenty, zapewniaj\u0105c sk\u00f3rze wszystkie czynniki wzrostu potrzebne do odnowy. Wyci\u0105g z nasion szara\u0144czyna str\u0105kowego i ostropestu pot\u0119guj\u0105 dzia\u0142anie regeneruj\u0105ce poprzez uzupe\u0142niaj\u0105ce si\u0119 mechanizmy stymuluj\u0105ce procesy r\u00f3\u017cnicowania kom\u00f3rkowego. Wszystkie warstwy sk\u00f3ry ulegaj\u0105 przebudowie i naprawie. Sk\u00f3ra staje si\u0119 zregenerowana i odzyskuje sw\u00f3j pierwotny wygl\u0105d. Blizny potr\u0105dzikowe zostaj\u0105 skorygowane,a powierzchnia sk\u00f3ry jest wyg\u0142adzona. Zaczerwienienia, przebarwienia i \u015blady pozapalne staj\u0105 si\u0119 mniej widoczne. Sk\u00f3ra jest g\u0142adsza, koloryt sk\u00f3ry bardziej jednolity, a podra\u017cnienia ukojone.<\/p>\n","protected":false},"featured_media":780,"template":"","meta":[],"product_brand":[],"product_cat":[15],"product_tag":[],"class_list":{"0":"post-781","1":"product","2":"type-product","3":"status-publish","4":"has-post-thumbnail","6":"product_cat-uncategorized","8":"first","9":"instock","10":"shipping-taxable","11":"purchasable","12":"product-type-simple"},"_links":{"self":[{"href":"https:\/\/lalka.boutique\/index.php\/wp-json\/wp\/v2\/product\/781","targetHints":{"allow":["GET"]}}],"collection":[{"href":"https:\/\/lalka.boutique\/index.php\/wp-json\/wp\/v2\/product"}],"about":[{"href":"https:\/\/lalka.boutique\/index.php\/wp-json\/wp\/v2\/types\/product"}],"wp:featuredmedia":[{"embeddable":true,"href":"https:\/\/lalka.boutique\/index.php\/wp-json\/wp\/v2\/media\/780"}],"wp:attachment":[{"href":"https:\/\/lalka.boutique\/index.php\/wp-json\/wp\/v2\/media?parent=781"}],"wp:term":[{"taxonomy":"product_brand","embeddable":true,"href":"https:\/\/lalka.boutique\/index.php\/wp-json\/wp\/v2\/product_brand?post=781"},{"taxonomy":"product_cat","embeddable":true,"href":"https:\/\/lalka.boutique\/index.php\/wp-json\/wp\/v2\/product_cat?post=781"},{"taxonomy":"product_tag","embeddable":true,"href":"https:\/\/lalka.boutique\/index.php\/wp-json\/wp\/v2\/product_tag?post=781"}],"curies":[{"name":"wp","href":"https:\/\/api.w.org\/{rel}","templated":true}]}}