{"id":783,"date":"2025-11-27T23:02:08","date_gmt":"2025-11-27T22:02:08","guid":{"rendered":"https:\/\/lalka.boutique\/index.php\/product\/la-grande-creme\/"},"modified":"2025-11-27T23:02:08","modified_gmt":"2025-11-27T22:02:08","slug":"la-grande-creme","status":"publish","type":"product","link":"https:\/\/lalka.boutique\/index.php\/product\/la-grande-creme\/","title":{"rendered":"La Grande Creme"},"content":{"rendered":"","protected":false},"excerpt":{"rendered":"<p>Wyj\u0105tkowy krem odpowiadaj\u0105cy na wszystkie potrzeby starzej\u0105cej si\u0119 sk\u00f3ry, wp\u0142ywa na procesy ekspresji gen\u00f3w poprzez zastosowanie EpigenActiv\u00a9, peptydu, kt\u00f3ry dzia\u0142a na receptory EGF czynnika wzrostu, niezb\u0119dnego do regeneracji tkanek oraz odnowy zniszczonych bia\u0142ek. Wyg\u0142adza zmarszczki, uj\u0119drnia, hamuje proces glikacji oraz wyr\u00f3wnuje koloryt.<\/p>\n","protected":false},"featured_media":782,"template":"","meta":[],"product_brand":[],"product_cat":[15],"product_tag":[],"class_list":{"0":"post-783","1":"product","2":"type-product","3":"status-publish","4":"has-post-thumbnail","6":"product_cat-uncategorized","8":"first","9":"instock","10":"shipping-taxable","11":"purchasable","12":"product-type-simple"},"_links":{"self":[{"href":"https:\/\/lalka.boutique\/index.php\/wp-json\/wp\/v2\/product\/783","targetHints":{"allow":["GET"]}}],"collection":[{"href":"https:\/\/lalka.boutique\/index.php\/wp-json\/wp\/v2\/product"}],"about":[{"href":"https:\/\/lalka.boutique\/index.php\/wp-json\/wp\/v2\/types\/product"}],"wp:featuredmedia":[{"embeddable":true,"href":"https:\/\/lalka.boutique\/index.php\/wp-json\/wp\/v2\/media\/782"}],"wp:attachment":[{"href":"https:\/\/lalka.boutique\/index.php\/wp-json\/wp\/v2\/media?parent=783"}],"wp:term":[{"taxonomy":"product_brand","embeddable":true,"href":"https:\/\/lalka.boutique\/index.php\/wp-json\/wp\/v2\/product_brand?post=783"},{"taxonomy":"product_cat","embeddable":true,"href":"https:\/\/lalka.boutique\/index.php\/wp-json\/wp\/v2\/product_cat?post=783"},{"taxonomy":"product_tag","embeddable":true,"href":"https:\/\/lalka.boutique\/index.php\/wp-json\/wp\/v2\/product_tag?post=783"}],"curies":[{"name":"wp","href":"https:\/\/api.w.org\/{rel}","templated":true}]}}