{"id":791,"date":"2025-11-27T23:02:13","date_gmt":"2025-11-27T22:02:13","guid":{"rendered":"https:\/\/lalka.boutique\/index.php\/product\/lait-vip-o2\/"},"modified":"2025-11-27T23:02:13","modified_gmt":"2025-11-27T22:02:13","slug":"lait-vip-o2","status":"publish","type":"product","link":"https:\/\/lalka.boutique\/index.php\/product\/lait-vip-o2\/","title":{"rendered":"Lait Vip O2"},"content":{"rendered":"","protected":false},"excerpt":{"rendered":"<p>Lait VIP O2 to mleczko do demakija\u017cu, kt\u00f3re oczyszcza sk\u00f3r\u0119 z makija\u017cu oraz mikrocz\u0105steczek zanieczyszcze\u0144, gromadz\u0105cych si\u0119 na jej powierzchni w ci\u0105gu dnia. Dzi\u0119ki wyj\u0105tkowej tarczy ochronnej, produkt zapobiega wnikaniu mikrocz\u0105steczek zanieczyszcze\u0144 miejskich, kt\u00f3re s\u0105 mniejsze ni\u017c uj\u015bcia gruczo\u0142\u00f3w \u0142ojowych. Sk\u00f3ra jest zdrowsza i odzyskuje sw\u00f3j \u00a0naturalny blask.<\/p>\n","protected":false},"featured_media":790,"template":"","meta":[],"product_brand":[],"product_cat":[15],"product_tag":[],"class_list":{"0":"post-791","1":"product","2":"type-product","3":"status-publish","4":"has-post-thumbnail","6":"product_cat-uncategorized","8":"first","9":"instock","10":"shipping-taxable","11":"purchasable","12":"product-type-simple"},"_links":{"self":[{"href":"https:\/\/lalka.boutique\/index.php\/wp-json\/wp\/v2\/product\/791","targetHints":{"allow":["GET"]}}],"collection":[{"href":"https:\/\/lalka.boutique\/index.php\/wp-json\/wp\/v2\/product"}],"about":[{"href":"https:\/\/lalka.boutique\/index.php\/wp-json\/wp\/v2\/types\/product"}],"wp:featuredmedia":[{"embeddable":true,"href":"https:\/\/lalka.boutique\/index.php\/wp-json\/wp\/v2\/media\/790"}],"wp:attachment":[{"href":"https:\/\/lalka.boutique\/index.php\/wp-json\/wp\/v2\/media?parent=791"}],"wp:term":[{"taxonomy":"product_brand","embeddable":true,"href":"https:\/\/lalka.boutique\/index.php\/wp-json\/wp\/v2\/product_brand?post=791"},{"taxonomy":"product_cat","embeddable":true,"href":"https:\/\/lalka.boutique\/index.php\/wp-json\/wp\/v2\/product_cat?post=791"},{"taxonomy":"product_tag","embeddable":true,"href":"https:\/\/lalka.boutique\/index.php\/wp-json\/wp\/v2\/product_tag?post=791"}],"curies":[{"name":"wp","href":"https:\/\/api.w.org\/{rel}","templated":true}]}}