{"id":793,"date":"2025-11-27T23:02:14","date_gmt":"2025-11-27T22:02:14","guid":{"rendered":"https:\/\/lalka.boutique\/index.php\/product\/le-grand-serum\/"},"modified":"2025-11-27T23:02:14","modified_gmt":"2025-11-27T22:02:14","slug":"le-grand-serum","status":"publish","type":"product","link":"https:\/\/lalka.boutique\/index.php\/product\/le-grand-serum\/","title":{"rendered":"Le Grand Serum"},"content":{"rendered":"","protected":false},"excerpt":{"rendered":"<p>Zawarty w produkcie innowacyjny T\u00e9lomeractiv\u00a9 przed\u0142u\u017ca \u017cywotno\u015b\u0107 kom\u00f3rek sk\u00f3ry. Poprawia stabilno\u015b\u0107 i d\u0142ugowieczno\u015b\u0107 telomer\u00f3w, pomagaj\u0105c zapobiega\u0107 nieodwracalnemu gromadzeniu si\u0119 marker\u00f3w starzenia. Ten rewolucyjny sk\u0142adnik aktywny spowalnia proces starzenia si\u0119 kom\u00f3rek oraz zwi\u0119ksza produkcj\u0119 kolagenu. Formu\u0142a produktu zawieraj\u0105ca, a\u017c 27 sk\u0142adnik\u00f3w przeciwzmarszczkowych, przeciwutleniaj\u0105cych, uj\u0119drniaj\u0105cych i regeneruj\u0105cych, pozwala chroni\u0107 sk\u00f3r\u0119 o ka\u017cdej porze dnia. Widocznie poprawia si\u0119 wygl\u0105d sk\u00f3ry, sp\u0142ycaj\u0105 si\u0119 zmarszczki. Cera odzyskuje promienno\u015b\u0107 oraz m\u0142odzie\u0144czy blask.<\/p>\n","protected":false},"featured_media":792,"template":"","meta":[],"product_brand":[],"product_cat":[15],"product_tag":[],"class_list":{"0":"post-793","1":"product","2":"type-product","3":"status-publish","4":"has-post-thumbnail","6":"product_cat-uncategorized","8":"first","9":"instock","10":"shipping-taxable","11":"purchasable","12":"product-type-simple"},"_links":{"self":[{"href":"https:\/\/lalka.boutique\/index.php\/wp-json\/wp\/v2\/product\/793","targetHints":{"allow":["GET"]}}],"collection":[{"href":"https:\/\/lalka.boutique\/index.php\/wp-json\/wp\/v2\/product"}],"about":[{"href":"https:\/\/lalka.boutique\/index.php\/wp-json\/wp\/v2\/types\/product"}],"wp:featuredmedia":[{"embeddable":true,"href":"https:\/\/lalka.boutique\/index.php\/wp-json\/wp\/v2\/media\/792"}],"wp:attachment":[{"href":"https:\/\/lalka.boutique\/index.php\/wp-json\/wp\/v2\/media?parent=793"}],"wp:term":[{"taxonomy":"product_brand","embeddable":true,"href":"https:\/\/lalka.boutique\/index.php\/wp-json\/wp\/v2\/product_brand?post=793"},{"taxonomy":"product_cat","embeddable":true,"href":"https:\/\/lalka.boutique\/index.php\/wp-json\/wp\/v2\/product_cat?post=793"},{"taxonomy":"product_tag","embeddable":true,"href":"https:\/\/lalka.boutique\/index.php\/wp-json\/wp\/v2\/product_tag?post=793"}],"curies":[{"name":"wp","href":"https:\/\/api.w.org\/{rel}","templated":true}]}}