{"id":797,"date":"2025-11-27T23:02:18","date_gmt":"2025-11-27T22:02:18","guid":{"rendered":"https:\/\/lalka.boutique\/index.php\/product\/lift-buste-3d\/"},"modified":"2025-11-27T23:02:18","modified_gmt":"2025-11-27T22:02:18","slug":"lift-buste-3d","status":"publish","type":"product","link":"https:\/\/lalka.boutique\/index.php\/product\/lift-buste-3d\/","title":{"rendered":"Lift Buste 3D"},"content":{"rendered":"","protected":false},"excerpt":{"rendered":"<p>Innowacyjny Lift Buste 3D uj\u0119drnia oraz nadaje obj\u0119to\u015bci \u00a0biustowi oraz po\u015bladkom. Serum jest bogate w sk\u0142adniki aktywne o dzia\u0142aniu wype\u0142niaj\u0105cym, zag\u0119szczaj\u0105cym sk\u00f3r\u0119 oraz wyg\u0142adzaj\u0105cym. Pozwala na uzyskanie widocznego efektu push-up ju\u017c od pierwszego miesi\u0105ca stosowania.<\/p>\n","protected":false},"featured_media":796,"template":"","meta":[],"product_brand":[],"product_cat":[15],"product_tag":[],"class_list":{"0":"post-797","1":"product","2":"type-product","3":"status-publish","4":"has-post-thumbnail","6":"product_cat-uncategorized","8":"first","9":"instock","10":"shipping-taxable","11":"purchasable","12":"product-type-simple"},"_links":{"self":[{"href":"https:\/\/lalka.boutique\/index.php\/wp-json\/wp\/v2\/product\/797","targetHints":{"allow":["GET"]}}],"collection":[{"href":"https:\/\/lalka.boutique\/index.php\/wp-json\/wp\/v2\/product"}],"about":[{"href":"https:\/\/lalka.boutique\/index.php\/wp-json\/wp\/v2\/types\/product"}],"wp:featuredmedia":[{"embeddable":true,"href":"https:\/\/lalka.boutique\/index.php\/wp-json\/wp\/v2\/media\/796"}],"wp:attachment":[{"href":"https:\/\/lalka.boutique\/index.php\/wp-json\/wp\/v2\/media?parent=797"}],"wp:term":[{"taxonomy":"product_brand","embeddable":true,"href":"https:\/\/lalka.boutique\/index.php\/wp-json\/wp\/v2\/product_brand?post=797"},{"taxonomy":"product_cat","embeddable":true,"href":"https:\/\/lalka.boutique\/index.php\/wp-json\/wp\/v2\/product_cat?post=797"},{"taxonomy":"product_tag","embeddable":true,"href":"https:\/\/lalka.boutique\/index.php\/wp-json\/wp\/v2\/product_tag?post=797"}],"curies":[{"name":"wp","href":"https:\/\/api.w.org\/{rel}","templated":true}]}}