{"id":799,"date":"2025-11-27T23:02:18","date_gmt":"2025-11-27T22:02:18","guid":{"rendered":"https:\/\/lalka.boutique\/index.php\/product\/liftkiss\/"},"modified":"2025-11-27T23:02:19","modified_gmt":"2025-11-27T22:02:19","slug":"liftkiss","status":"publish","type":"product","link":"https:\/\/lalka.boutique\/index.php\/product\/liftkiss\/","title":{"rendered":"Liftkiss"},"content":{"rendered":"","protected":false},"excerpt":{"rendered":"<p>Liftkiss to wyj\u0105tkowy produkt, kt\u00f3ry natychmiast wyg\u0142adza usta, nadaje im obj\u0119to\u015b\u0107 i podkre\u015bla ich kontur. Biocelulozowy p\u0142at zosta\u0142 nas\u0105czony regeneruj\u0105cymi sk\u0142adnikami aktywnymi, gwarantuj\u0105c skuteczn\u0105 odnow\u0119 uszkodzonej sk\u00f3ry. Formu\u0142a wzbogacona o nawil\u017caj\u0105ce sk\u0142adniki aktywne natychmiastowo wype\u0142nia wargi* i niweluje uczucie dyskomfortu. Zmarszczki spowodowane odwodnieniem s\u0105 wyg\u0142adzone, a usta zyskuj\u0105 j\u0119drno\u015b\u0107 i obj\u0119to\u015b\u0107.<br \/>\n*P\u0142at dzia\u0142a stymuluj\u0105co na usta.<\/p>\n","protected":false},"featured_media":798,"template":"","meta":[],"product_brand":[],"product_cat":[15],"product_tag":[],"class_list":{"0":"post-799","1":"product","2":"type-product","3":"status-publish","4":"has-post-thumbnail","6":"product_cat-uncategorized","8":"first","9":"instock","10":"shipping-taxable","11":"purchasable","12":"product-type-simple"},"_links":{"self":[{"href":"https:\/\/lalka.boutique\/index.php\/wp-json\/wp\/v2\/product\/799","targetHints":{"allow":["GET"]}}],"collection":[{"href":"https:\/\/lalka.boutique\/index.php\/wp-json\/wp\/v2\/product"}],"about":[{"href":"https:\/\/lalka.boutique\/index.php\/wp-json\/wp\/v2\/types\/product"}],"wp:featuredmedia":[{"embeddable":true,"href":"https:\/\/lalka.boutique\/index.php\/wp-json\/wp\/v2\/media\/798"}],"wp:attachment":[{"href":"https:\/\/lalka.boutique\/index.php\/wp-json\/wp\/v2\/media?parent=799"}],"wp:term":[{"taxonomy":"product_brand","embeddable":true,"href":"https:\/\/lalka.boutique\/index.php\/wp-json\/wp\/v2\/product_brand?post=799"},{"taxonomy":"product_cat","embeddable":true,"href":"https:\/\/lalka.boutique\/index.php\/wp-json\/wp\/v2\/product_cat?post=799"},{"taxonomy":"product_tag","embeddable":true,"href":"https:\/\/lalka.boutique\/index.php\/wp-json\/wp\/v2\/product_tag?post=799"}],"curies":[{"name":"wp","href":"https:\/\/api.w.org\/{rel}","templated":true}]}}