{"id":801,"date":"2025-11-27T23:02:19","date_gmt":"2025-11-27T22:02:19","guid":{"rendered":"https:\/\/lalka.boutique\/index.php\/product\/lipogen-ac\/"},"modified":"2025-11-27T23:02:19","modified_gmt":"2025-11-27T22:02:19","slug":"lipogen-ac","status":"publish","type":"product","link":"https:\/\/lalka.boutique\/index.php\/product\/lipogen-ac\/","title":{"rendered":"Lipogen Ac"},"content":{"rendered":"","protected":false},"excerpt":{"rendered":"<p>Lipogen AC to olejek do piel\u0119gnacji sk\u00f3ry dotkni\u0119tej cellulitem. Jego formu\u0142a jest bogata w skoncentrowane sk\u0142adniki aktywne, kt\u00f3re pomagaj\u0105 zredukowa\u0107 widoczno\u015b\u0107 sk\u00f3rki pomara\u0144czowej, pozostawiaj\u0105c cia\u0142o j\u0119drne i bardziej napi\u0119te.<\/p>\n","protected":false},"featured_media":800,"template":"","meta":[],"product_brand":[],"product_cat":[15],"product_tag":[],"class_list":{"0":"post-801","1":"product","2":"type-product","3":"status-publish","4":"has-post-thumbnail","6":"product_cat-uncategorized","8":"first","9":"instock","10":"shipping-taxable","11":"purchasable","12":"product-type-simple"},"_links":{"self":[{"href":"https:\/\/lalka.boutique\/index.php\/wp-json\/wp\/v2\/product\/801","targetHints":{"allow":["GET"]}}],"collection":[{"href":"https:\/\/lalka.boutique\/index.php\/wp-json\/wp\/v2\/product"}],"about":[{"href":"https:\/\/lalka.boutique\/index.php\/wp-json\/wp\/v2\/types\/product"}],"wp:featuredmedia":[{"embeddable":true,"href":"https:\/\/lalka.boutique\/index.php\/wp-json\/wp\/v2\/media\/800"}],"wp:attachment":[{"href":"https:\/\/lalka.boutique\/index.php\/wp-json\/wp\/v2\/media?parent=801"}],"wp:term":[{"taxonomy":"product_brand","embeddable":true,"href":"https:\/\/lalka.boutique\/index.php\/wp-json\/wp\/v2\/product_brand?post=801"},{"taxonomy":"product_cat","embeddable":true,"href":"https:\/\/lalka.boutique\/index.php\/wp-json\/wp\/v2\/product_cat?post=801"},{"taxonomy":"product_tag","embeddable":true,"href":"https:\/\/lalka.boutique\/index.php\/wp-json\/wp\/v2\/product_tag?post=801"}],"curies":[{"name":"wp","href":"https:\/\/api.w.org\/{rel}","templated":true}]}}