{"id":803,"date":"2025-11-27T23:02:36","date_gmt":"2025-11-27T22:02:36","guid":{"rendered":"https:\/\/lalka.boutique\/index.php\/product\/liposculpt-ac\/"},"modified":"2025-11-27T23:02:36","modified_gmt":"2025-11-27T22:02:36","slug":"liposculpt-ac","status":"publish","type":"product","link":"https:\/\/lalka.boutique\/index.php\/product\/liposculpt-ac\/","title":{"rendered":"Liposculpt Ac"},"content":{"rendered":"","protected":false},"excerpt":{"rendered":"<p>Liposculpt AC to wielofunkcyjny kosmetyk wyszczuplaj\u0105cy, kt\u00f3ry poprawia kszta\u0142t sylwetki i widocznie redukuje cellulit. Jego lipolityczne i drenuj\u0105ce sk\u0142adniki aktywne pomagaj\u0105 zwalcza\u0107 cellulit t\u0142uszczowy i cellulit wodny. U\u0142atwiaj\u0105 eliminacj\u0119 z\u0142og\u00f3w t\u0142uszczu oraz wody zmagazynowanej w tkankach. Odnotowano \u015bredni\u0105 utrat\u0119 -1,0 cm w obwodzie talii i -0,9 cm w obwodzie uda*. Sk\u00f3ra jest j\u0119drniejsza i g\u0142adsza, a wg\u0142\u0119bienia s\u0105 zredukowane. \u00a0Konsystencja kremu jest idealna do wykonywania codziennego masa\u017cu niezb\u0119dnego do osi\u0105gni\u0119cia wymodelowanej sylwetki. Zalecany do Stan\u00f3w Sk\u00f3ry\u00a9 z nadmiarem tkanki t\u0142uszczowej lub cellulitem.<\/p>\n","protected":false},"featured_media":802,"template":"","meta":[],"product_brand":[],"product_cat":[15],"product_tag":[],"class_list":{"0":"post-803","1":"product","2":"type-product","3":"status-publish","4":"has-post-thumbnail","6":"product_cat-uncategorized","8":"first","9":"instock","10":"shipping-taxable","11":"purchasable","12":"product-type-simple"},"_links":{"self":[{"href":"https:\/\/lalka.boutique\/index.php\/wp-json\/wp\/v2\/product\/803","targetHints":{"allow":["GET"]}}],"collection":[{"href":"https:\/\/lalka.boutique\/index.php\/wp-json\/wp\/v2\/product"}],"about":[{"href":"https:\/\/lalka.boutique\/index.php\/wp-json\/wp\/v2\/types\/product"}],"wp:featuredmedia":[{"embeddable":true,"href":"https:\/\/lalka.boutique\/index.php\/wp-json\/wp\/v2\/media\/802"}],"wp:attachment":[{"href":"https:\/\/lalka.boutique\/index.php\/wp-json\/wp\/v2\/media?parent=803"}],"wp:term":[{"taxonomy":"product_brand","embeddable":true,"href":"https:\/\/lalka.boutique\/index.php\/wp-json\/wp\/v2\/product_brand?post=803"},{"taxonomy":"product_cat","embeddable":true,"href":"https:\/\/lalka.boutique\/index.php\/wp-json\/wp\/v2\/product_cat?post=803"},{"taxonomy":"product_tag","embeddable":true,"href":"https:\/\/lalka.boutique\/index.php\/wp-json\/wp\/v2\/product_tag?post=803"}],"curies":[{"name":"wp","href":"https:\/\/api.w.org\/{rel}","templated":true}]}}